{"id":2578,"date":"2022-03-14T12:29:10","date_gmt":"2022-03-14T12:29:10","guid":{"rendered":"https:\/\/asianlegacylibrary.org\/?page_id=2578"},"modified":"2025-07-04T06:36:07","modified_gmt":"2025-07-04T06:36:07","slug":"panorama-de-la-biblioteca-2","status":"publish","type":"page","link":"https:\/\/asianlegacylibrary.org\/es\/panorama-de-la-biblioteca-2\/","title":{"rendered":"Panorama de la biblioteca"},"content":{"rendered":"\n<\/div><!-- \/ Wrapper -->\n\n<section class=\"page-hero extended\">\n\t<hgroup>\n\t\t\t\t<div class=\"wrapper\">\n\t\t\t<h1>PANORAMA<br \/>\nDE LA BILIOTECA<\/h1>\n\t\t<\/div>\n\t\t\t<\/hgroup>\n\t\t<a href=\"#content-scroll-to\" class=\"scroll-indicator to-content\">\n\t\tScroll\t\t<span><\/span>\n\t<\/a>\n\t<div class=\"sliced front initialized\">\n  \t\t<img decoding=\"async\" src=\"https:\/\/asianlegacylibrary.org\/wp-content\/uploads\/2021\/06\/library-hero.jpg\" class=\"sliced-img\"\/>\n\t<\/div>\n\t<\/section><!-- \/ Page Hero -->\n\n<div class=\"wrapper\" id=\"content-scroll-to\">\n\n\n<div class=\"wp-block-columns is-layout-flex wp-container-core-columns-is-layout-9d6595d7 wp-block-columns-is-layout-flex\">\n<div class=\"wp-block-column is-layout-flow wp-block-column-is-layout-flow\">\n<p>La Biblioteca del legado asi\u00e1tico es el destino principal y el punto de acceso para sus programas de preservaci\u00f3n, incluyendo la digitalizaci\u00f3n, catalogaci\u00f3n y el archivo de la literatura.   Un hogar seguro y perdurable, la Biblioteca del legado asi\u00e1tico es un nexo importante  de la literatura de origen al que recurren acad\u00e9micos, traductores y eruditos.<\/p>\n\n\n\n<p>La biblioteca incluye tres grandes colecciones: la Colecci\u00f3n del Himalaya y el interior de Asia, la Colecci\u00f3n del Sur de Asia  la Colecci\u00f3n de Asia Oriental.<\/p>\n<\/div>\n\n\n\n<div class=\"wp-block-column is-layout-flow wp-block-column-is-layout-flow\">\n<p>El acceso a la biblioteca es gratuito y est\u00e1 abierta al p\u00fablico. No requiere de una membres\u00eda. Le invitamos a <a href=\"https:\/\/asianlegacylibrary.us1.list-manage.com\/subscribe?u=1b327336d6024b90615b2dd07&amp;id=0048a9aeea\" target=\"_blank\" rel=\"noreferrer noopener\">inscribirse a nuestra lista de correo <\/a>para mantenerse al d\u00eda de las novedades de la biblioteca.<\/p>\n<\/div>\n<\/div>\n\n<div class=\"image-heading-holder \">\n\n    <div class=\"image-heading-outer \">\n        <hgroup>\n            <h3>SOBRE<br \/>\r\nLA BIBLIOTECA<\/h3>\n        <\/hgroup>\n                <div class=\"block-bgr with-effect\" style=\"background-image:url(https:\/\/asianlegacylibrary.org\/wp-content\/uploads\/2021\/07\/content-img-21-1.jpg);\"><span><\/span><\/div>\n        \n    <\/div>\n\n        \n<\/div>\n<div class=\"wp-block-columns is-layout-flex wp-container-core-columns-is-layout-9d6595d7 wp-block-columns-is-layout-flex\">\n<div class=\"wp-block-column is-layout-flow wp-block-column-is-layout-flow\">\n<p>La misi\u00f3n de la Biblioteca del legado asi\u00e1tico es la unir la tecnolog\u00eda y la erudici\u00f3n para localizar, preservar, compartir y traducir algunas de las colecciones m\u00e1s preciadas del mundo del patrimonio cultural de la sabidur\u00eda.  El pilar m\u00e1s importante de la misi\u00f3n de la Biblioteca del legado asi\u00e1tico; es su infraestructura digital.  La biblioteca digital es p\u00fablica, se encuentra en l\u00ednea y pone a disposici\u00f3n del mundo una incre\u00edble colecci\u00f3n del patrimonio de sabidur\u00eda literaria, de forma gratuita.<\/p>\n\n\n\n<p>La Biblioteca del legado asi\u00e1tico es \u00fanica en su g\u00e9nero.  En primer lugar, se localizan textos importantes en rincones remotos del mundo. Los textos descubiertos se catalogan para garantizar su  identificaci\u00f3n correcta.  Tras la catalogaci\u00f3n, los textos se escanean utilizando equipos modernos.  El escaneo produce archivos de imagen que se introducen posteriormente mediante el laborioso proceso de capturar, car\u00e1cter por car\u00e1cter, el contenido de las obras.<\/p>\n<\/div>\n\n\n\n<div class=\"wp-block-column is-layout-flow wp-block-column-is-layout-flow\">\n<p>El proceso de captura permite que los textos puedan ser localizados por investigadores, eruditos y traductores, localizando frases, t\u00e9rminos, personas y lugares. Por \u00faltimo, los textos conservados se traducen a otros idiomas, haciendo que su contenido sea relevante y \u00fatil para la vida moderna. El contar con los cuatro recursos\u2014cat\u00e1logos, escaneos, registros y traducciones\u2014tener una biblioteca digital p\u00fablica en l\u00ednea, es una misi\u00f3n cumplida.<\/p>\n<\/div>\n<\/div>\n","protected":false},"excerpt":{"rendered":"<p>La Biblioteca del legado asi\u00e1tico es el destino principal y el punto de acceso para sus programas de preservaci\u00f3n, incluyendo la digitalizaci\u00f3n, catalogaci\u00f3n y el archivo de la literatura. Un hogar seguro y perdurable, la Biblioteca del legado asi\u00e1tico es un nexo importante de la literatura de origen al que recurren acad\u00e9micos, traductores y eruditos. [&hellip;]<\/p>\n","protected":false},"author":49,"featured_media":0,"parent":0,"menu_order":50,"comment_status":"closed","ping_status":"closed","template":"","meta":{"_acf_changed":false,"footnotes":""},"class_list":["post-2578","page","type-page","status-publish","hentry"],"acf":[],"yoast_head":"<!-- This site is optimized with the Yoast SEO plugin v27.3 - https:\/\/yoast.com\/product\/yoast-seo-wordpress\/ -->\n<title>Panorama de la biblioteca | Biblioteca del legado asi\u00e1tico<\/title>\n<meta name=\"description\" content=\"El objetivo de la Biblioteca del legado asi\u00e1tico es salvaguardar las exquisitas tradiciones de sabidur\u00eda de Oriente. En ella se albergan unas de las obras de sabidur\u00eda cultural m\u00e1s excepcionales que existen.\" \/>\n<meta name=\"robots\" content=\"index, follow, max-snippet:-1, max-image-preview:large, max-video-preview:-1\" \/>\n<link rel=\"canonical\" href=\"https:\/\/asianlegacylibrary.org\/es\/panorama-de-la-biblioteca-2\/\" \/>\n<meta property=\"og:locale\" content=\"es_ES\" \/>\n<meta property=\"og:type\" content=\"article\" \/>\n<meta property=\"og:title\" content=\"Biblioteca del legado asi\u00e1tico\" \/>\n<meta property=\"og:description\" content=\"La Biblioteca del legado asi\u00e1tico, considera que salvaguardar las tradiciones culturales de la sabidur\u00eda literaria del mundo para las futuras generaciones, una prioridad para la humanidad .\" \/>\n<meta property=\"og:url\" content=\"https:\/\/asianlegacylibrary.org\/es\/panorama-de-la-biblioteca-2\/\" \/>\n<meta property=\"og:site_name\" content=\"Asian Legacy Library\" \/>\n<meta property=\"article:publisher\" content=\"https:\/\/www.facebook.com\/asianlegacylibrary\" \/>\n<meta property=\"article:modified_time\" content=\"2025-07-04T06:36:07+00:00\" \/>\n<meta property=\"og:image\" content=\"http:\/\/asianlegacylib.wpengine.com\/wp-content\/uploads\/2021\/07\/ALL-\u2014-Facebook-3.png\" \/>\n<meta name=\"twitter:card\" content=\"summary_large_image\" \/>\n<meta name=\"twitter:title\" content=\"Biblioteca del legado asi\u00e1tico\" \/>\n<meta name=\"twitter:description\" content=\"La Biblioteca del legado asi\u00e1tico, considera que salvaguardar las tradiciones culturales de la sabidur\u00eda literaria del mundo, es prioridad para la humanidad y futuras generaciones.l\" \/>\n<meta name=\"twitter:image\" content=\"http:\/\/asianlegacylib.wpengine.com\/wp-content\/uploads\/2021\/07\/ALL-\u2014-Facebook-3.png\" \/>\n<meta name=\"twitter:label1\" content=\"Tiempo de lectura\" \/>\n\t<meta name=\"twitter:data1\" content=\"2 minutos\" \/>\n<script type=\"application\/ld+json\" class=\"yoast-schema-graph\">{\"@context\":\"https:\\\/\\\/schema.org\",\"@graph\":[{\"@type\":\"WebPage\",\"@id\":\"https:\\\/\\\/asianlegacylibrary.org\\\/es\\\/panorama-de-la-biblioteca-2\\\/\",\"url\":\"https:\\\/\\\/asianlegacylibrary.org\\\/es\\\/panorama-de-la-biblioteca-2\\\/\",\"name\":\"Panorama de la biblioteca | Biblioteca del legado asi\u00e1tico\",\"isPartOf\":{\"@id\":\"https:\\\/\\\/asianlegacylibrary.org\\\/es\\\/#website\"},\"datePublished\":\"2022-03-14T12:29:10+00:00\",\"dateModified\":\"2025-07-04T06:36:07+00:00\",\"description\":\"El objetivo de la Biblioteca del legado asi\u00e1tico es salvaguardar las exquisitas tradiciones de sabidur\u00eda de Oriente. En ella se albergan unas de las obras de sabidur\u00eda cultural m\u00e1s excepcionales que existen.\",\"breadcrumb\":{\"@id\":\"https:\\\/\\\/asianlegacylibrary.org\\\/es\\\/panorama-de-la-biblioteca-2\\\/#breadcrumb\"},\"inLanguage\":\"es\",\"potentialAction\":[{\"@type\":\"ReadAction\",\"target\":[\"https:\\\/\\\/asianlegacylibrary.org\\\/es\\\/panorama-de-la-biblioteca-2\\\/\"]}]},{\"@type\":\"BreadcrumbList\",\"@id\":\"https:\\\/\\\/asianlegacylibrary.org\\\/es\\\/panorama-de-la-biblioteca-2\\\/#breadcrumb\",\"itemListElement\":[{\"@type\":\"ListItem\",\"position\":1,\"name\":\"Home\",\"item\":\"https:\\\/\\\/asianlegacylibrary.org\\\/es\\\/la-biblioteca-del-legado-asiatico-pagina-de-inicio\\\/\"},{\"@type\":\"ListItem\",\"position\":2,\"name\":\"Panorama de la biblioteca\"}]},{\"@type\":\"WebSite\",\"@id\":\"https:\\\/\\\/asianlegacylibrary.org\\\/es\\\/#website\",\"url\":\"https:\\\/\\\/asianlegacylibrary.org\\\/es\\\/\",\"name\":\"Asian Legacy Library\",\"description\":\"The rarest cultural wisdom literature in the world\",\"publisher\":{\"@id\":\"https:\\\/\\\/asianlegacylibrary.org\\\/es\\\/#organization\"},\"potentialAction\":[{\"@type\":\"SearchAction\",\"target\":{\"@type\":\"EntryPoint\",\"urlTemplate\":\"https:\\\/\\\/asianlegacylibrary.org\\\/es\\\/?s={search_term_string}\"},\"query-input\":{\"@type\":\"PropertyValueSpecification\",\"valueRequired\":true,\"valueName\":\"search_term_string\"}}],\"inLanguage\":\"es\"},{\"@type\":\"Organization\",\"@id\":\"https:\\\/\\\/asianlegacylibrary.org\\\/es\\\/#organization\",\"name\":\"Asian Legacy Library\",\"url\":\"https:\\\/\\\/asianlegacylibrary.org\\\/es\\\/\",\"logo\":{\"@type\":\"ImageObject\",\"inLanguage\":\"es\",\"@id\":\"https:\\\/\\\/asianlegacylibrary.org\\\/es\\\/#\\\/schema\\\/logo\\\/image\\\/\",\"url\":\"https:\\\/\\\/asianlegacylibrary.org\\\/wp-content\\\/uploads\\\/2022\\\/04\\\/ALL-LOGOMARK-CIRCLE-02.png\",\"contentUrl\":\"https:\\\/\\\/asianlegacylibrary.org\\\/wp-content\\\/uploads\\\/2022\\\/04\\\/ALL-LOGOMARK-CIRCLE-02.png\",\"width\":482,\"height\":500,\"caption\":\"Asian Legacy Library\"},\"image\":{\"@id\":\"https:\\\/\\\/asianlegacylibrary.org\\\/es\\\/#\\\/schema\\\/logo\\\/image\\\/\"},\"sameAs\":[\"https:\\\/\\\/www.facebook.com\\\/asianlegacylibrary\"]}]}<\/script>\n<!-- \/ Yoast SEO plugin. -->","yoast_head_json":{"title":"Panorama de la biblioteca | Biblioteca del legado asi\u00e1tico","description":"El objetivo de la Biblioteca del legado asi\u00e1tico es salvaguardar las exquisitas tradiciones de sabidur\u00eda de Oriente. En ella se albergan unas de las obras de sabidur\u00eda cultural m\u00e1s excepcionales que existen.","robots":{"index":"index","follow":"follow","max-snippet":"max-snippet:-1","max-image-preview":"max-image-preview:large","max-video-preview":"max-video-preview:-1"},"canonical":"https:\/\/asianlegacylibrary.org\/es\/panorama-de-la-biblioteca-2\/","og_locale":"es_ES","og_type":"article","og_title":"Biblioteca del legado asi\u00e1tico","og_description":"La Biblioteca del legado asi\u00e1tico, considera que salvaguardar las tradiciones culturales de la sabidur\u00eda literaria del mundo para las futuras generaciones, una prioridad para la humanidad .","og_url":"https:\/\/asianlegacylibrary.org\/es\/panorama-de-la-biblioteca-2\/","og_site_name":"Asian Legacy Library","article_publisher":"https:\/\/www.facebook.com\/asianlegacylibrary","article_modified_time":"2025-07-04T06:36:07+00:00","og_image":[{"url":"http:\/\/asianlegacylib.wpengine.com\/wp-content\/uploads\/2021\/07\/ALL-\u2014-Facebook-3.png","type":"","width":"","height":""}],"twitter_card":"summary_large_image","twitter_title":"Biblioteca del legado asi\u00e1tico","twitter_description":"La Biblioteca del legado asi\u00e1tico, considera que salvaguardar las tradiciones culturales de la sabidur\u00eda literaria del mundo, es prioridad para la humanidad y futuras generaciones.l","twitter_image":"http:\/\/asianlegacylib.wpengine.com\/wp-content\/uploads\/2021\/07\/ALL-\u2014-Facebook-3.png","twitter_misc":{"Tiempo de lectura":"2 minutos"},"schema":{"@context":"https:\/\/schema.org","@graph":[{"@type":"WebPage","@id":"https:\/\/asianlegacylibrary.org\/es\/panorama-de-la-biblioteca-2\/","url":"https:\/\/asianlegacylibrary.org\/es\/panorama-de-la-biblioteca-2\/","name":"Panorama de la biblioteca | Biblioteca del legado asi\u00e1tico","isPartOf":{"@id":"https:\/\/asianlegacylibrary.org\/es\/#website"},"datePublished":"2022-03-14T12:29:10+00:00","dateModified":"2025-07-04T06:36:07+00:00","description":"El objetivo de la Biblioteca del legado asi\u00e1tico es salvaguardar las exquisitas tradiciones de sabidur\u00eda de Oriente. En ella se albergan unas de las obras de sabidur\u00eda cultural m\u00e1s excepcionales que existen.","breadcrumb":{"@id":"https:\/\/asianlegacylibrary.org\/es\/panorama-de-la-biblioteca-2\/#breadcrumb"},"inLanguage":"es","potentialAction":[{"@type":"ReadAction","target":["https:\/\/asianlegacylibrary.org\/es\/panorama-de-la-biblioteca-2\/"]}]},{"@type":"BreadcrumbList","@id":"https:\/\/asianlegacylibrary.org\/es\/panorama-de-la-biblioteca-2\/#breadcrumb","itemListElement":[{"@type":"ListItem","position":1,"name":"Home","item":"https:\/\/asianlegacylibrary.org\/es\/la-biblioteca-del-legado-asiatico-pagina-de-inicio\/"},{"@type":"ListItem","position":2,"name":"Panorama de la biblioteca"}]},{"@type":"WebSite","@id":"https:\/\/asianlegacylibrary.org\/es\/#website","url":"https:\/\/asianlegacylibrary.org\/es\/","name":"Asian Legacy Library","description":"The rarest cultural wisdom literature in the world","publisher":{"@id":"https:\/\/asianlegacylibrary.org\/es\/#organization"},"potentialAction":[{"@type":"SearchAction","target":{"@type":"EntryPoint","urlTemplate":"https:\/\/asianlegacylibrary.org\/es\/?s={search_term_string}"},"query-input":{"@type":"PropertyValueSpecification","valueRequired":true,"valueName":"search_term_string"}}],"inLanguage":"es"},{"@type":"Organization","@id":"https:\/\/asianlegacylibrary.org\/es\/#organization","name":"Asian Legacy Library","url":"https:\/\/asianlegacylibrary.org\/es\/","logo":{"@type":"ImageObject","inLanguage":"es","@id":"https:\/\/asianlegacylibrary.org\/es\/#\/schema\/logo\/image\/","url":"https:\/\/asianlegacylibrary.org\/wp-content\/uploads\/2022\/04\/ALL-LOGOMARK-CIRCLE-02.png","contentUrl":"https:\/\/asianlegacylibrary.org\/wp-content\/uploads\/2022\/04\/ALL-LOGOMARK-CIRCLE-02.png","width":482,"height":500,"caption":"Asian Legacy Library"},"image":{"@id":"https:\/\/asianlegacylibrary.org\/es\/#\/schema\/logo\/image\/"},"sameAs":["https:\/\/www.facebook.com\/asianlegacylibrary"]}]}},"_links":{"self":[{"href":"https:\/\/asianlegacylibrary.org\/es\/wp-json\/wp\/v2\/pages\/2578","targetHints":{"allow":["GET"]}}],"collection":[{"href":"https:\/\/asianlegacylibrary.org\/es\/wp-json\/wp\/v2\/pages"}],"about":[{"href":"https:\/\/asianlegacylibrary.org\/es\/wp-json\/wp\/v2\/types\/page"}],"author":[{"embeddable":true,"href":"https:\/\/asianlegacylibrary.org\/es\/wp-json\/wp\/v2\/users\/49"}],"replies":[{"embeddable":true,"href":"https:\/\/asianlegacylibrary.org\/es\/wp-json\/wp\/v2\/comments?post=2578"}],"version-history":[{"count":0,"href":"https:\/\/asianlegacylibrary.org\/es\/wp-json\/wp\/v2\/pages\/2578\/revisions"}],"wp:attachment":[{"href":"https:\/\/asianlegacylibrary.org\/es\/wp-json\/wp\/v2\/media?parent=2578"}],"curies":[{"name":"wp","href":"https:\/\/api.w.org\/{rel}","templated":true}]}}