{"id":2083,"date":"2021-10-04T21:02:01","date_gmt":"2021-10-04T21:02:01","guid":{"rendered":"https:\/\/asianlegacylib.wpengine.com\/acerca-de\/historia-y-mision\/"},"modified":"2025-07-04T06:30:55","modified_gmt":"2025-07-04T06:30:55","slug":"la-biblioteca-del-legado-asiatico-historia-y-mision","status":"publish","type":"page","link":"https:\/\/asianlegacylibrary.org\/es\/acerca-de-la-biblioteca-del-legado-asiatico\/la-biblioteca-del-legado-asiatico-historia-y-mision\/","title":{"rendered":"Misi\u00f3n"},"content":{"rendered":"\n<\/div><!-- \/ Wrapper -->\n\n<section class=\"page-hero \">\n\t<hgroup>\n\t\t\t\t<div class=\"wrapper\">\n\t\t\t<h1>MISI\u00d3N<\/h1>\n\t\t<\/div>\n\t\t\t<\/hgroup>\n\t<\/section><!-- \/ Page Hero -->\n\n<div class=\"wrapper\" id=\"content-scroll-to\">\n\n\n<section class=\"video-outer local vimeo\">\n\t<figure class=\"video-wrapper\">\n\t\t\t\t<div class=\"video\">\n\t\t\t<video width=\"320\" height=\"240\" controls>\n\t\t\t\t<source src=\"\" type=\"video\/mp4\">\n\t\t\t\tYour browser does not support the video tag.\n\t\t\t<\/video>\n\t\t\t<span class=\"with-effect\" style=\"background-image: url(https:\/\/asianlegacylibrary.org\/wp-content\/uploads\/2021\/09\/Brand-video.jpg)\"><span class=\"play\"><\/span><\/span>\n\t\t<\/div>\n\t\t\t\t\t<\/figure>\n<\/section><!-- \/ Custom video -->\n<\/div><!-- \/ Wrapper -->\n\n<section class=\"page-hero \">\n\t<hgroup>\n\t\t\t\t<div class=\"wrapper\">\n\t\t\t<p>La Biblioteca del legado asi\u00e1tico, considera que salvaguardar las tradiciones culturales de la sabidur\u00eda literaria del mundo, es prioridad para la humanidad y futuras generaciones.<\/p>\n\t\t<\/div>\n\t\t\t<\/hgroup>\n\t<\/section><!-- \/ Page Hero -->\n\n<div class=\"wrapper\" id=\"content-scroll-to\">\n\n\n<figure class=\"wp-block-image size-full wide mobile-large\"><img loading=\"lazy\" decoding=\"async\" width=\"2560\" height=\"1439\" src=\"https:\/\/asianlegacylibrary.org\/wp-content\/uploads\/2021\/08\/IMG_3079-copy-edited-scaled.jpg\" alt=\"\" class=\"wp-image-1212\" srcset=\"https:\/\/asianlegacylibrary.org\/wp-content\/uploads\/2021\/08\/IMG_3079-copy-edited-scaled.jpg 2560w, https:\/\/asianlegacylibrary.org\/wp-content\/uploads\/2021\/08\/IMG_3079-copy-edited-300x169.jpg 300w, https:\/\/asianlegacylibrary.org\/wp-content\/uploads\/2021\/08\/IMG_3079-copy-edited-1024x576.jpg 1024w, https:\/\/asianlegacylibrary.org\/wp-content\/uploads\/2021\/08\/IMG_3079-copy-edited-768x432.jpg 768w, https:\/\/asianlegacylibrary.org\/wp-content\/uploads\/2021\/08\/IMG_3079-copy-edited-1536x864.jpg 1536w, https:\/\/asianlegacylibrary.org\/wp-content\/uploads\/2021\/08\/IMG_3079-copy-edited-2048x1151.jpg 2048w\" sizes=\"auto, (max-width: 2560px) 100vw, 2560px\" \/><\/figure>\n<h4 class=\"wp-block-heading\">Como organizaci\u00f3n mundial sin fines de lucro, la Biblioteca del legado asi\u00e1tico, ofrece una combinaci\u00f3n de tecnolog\u00eda, becas y asociaciones para ubicar, preservar digitalmente y salvaguardar la invaluable literatura de sabidur\u00eda cultural del mundo. Los acad\u00e9micos, traductores y autores pueden hacer referencia a nuestras Colecciones, para mantener vivas estas tradiciones de ense\u00f1anza en el mundo para las generaciones actuales y futuras.<\/h4>\n\n<div class=\"wp-block-media-text alignwide has-media-on-the-right is-stacked-on-mobile is-vertically-aligned-top image-top-offset narrow\"><figure class=\"wp-block-media-text__media\"><img loading=\"lazy\" decoding=\"async\" width=\"841\" height=\"990\" src=\"https:\/\/asianlegacylib.wpengine.com\/wp-content\/uploads\/2021\/07\/history-img-1.jpg\" alt=\"\" class=\"wp-image-421 size-full\" srcset=\"https:\/\/asianlegacylibrary.org\/wp-content\/uploads\/2021\/07\/history-img-1.jpg 841w, https:\/\/asianlegacylibrary.org\/wp-content\/uploads\/2021\/07\/history-img-1-255x300.jpg 255w, https:\/\/asianlegacylibrary.org\/wp-content\/uploads\/2021\/07\/history-img-1-768x904.jpg 768w\" sizes=\"auto, (max-width: 841px) 100vw, 841px\" \/><\/figure><div class=\"wp-block-media-text__content\">\n<h2 class=\"wp-block-heading\">LINAJE LARGO EN LA PRESERVACI\u00d3N Y UN RECURSO DIGITAL DE CLASE MUNDIAL<\/h2>\n\n\n\n<p>Nuestro conocimiento colectivo y participaci\u00f3n en el proceso de preservaci\u00f3n de las tradiciones de sabidur\u00eda literaria, durante m\u00e1s de tres d\u00e9cadas, simplemente nos convierten en una biblioteca m\u00e1s completa. Nos asociamos con expertos en preservaci\u00f3n para localizar, escanear, capturarar y catalogar los textos mismos y, al final, nuestro producto es una base de datos completa, fluida, accesible y disponible para cualquier persona interesada.<\/p>\n<\/div><\/div>\n\n<div class=\"wp-block-media-text alignwide is-stacked-on-mobile is-vertically-aligned-top image-top-offset\"><figure class=\"wp-block-media-text__media\"><img loading=\"lazy\" decoding=\"async\" width=\"841\" height=\"990\" src=\"https:\/\/asianlegacylib.wpengine.com\/wp-content\/uploads\/2021\/07\/history-img-2.jpg\" alt=\"\" class=\"wp-image-422 size-full\" srcset=\"https:\/\/asianlegacylibrary.org\/wp-content\/uploads\/2021\/07\/history-img-2.jpg 841w, https:\/\/asianlegacylibrary.org\/wp-content\/uploads\/2021\/07\/history-img-2-255x300.jpg 255w, https:\/\/asianlegacylibrary.org\/wp-content\/uploads\/2021\/07\/history-img-2-768x904.jpg 768w\" sizes=\"auto, (max-width: 841px) 100vw, 841px\" \/><\/figure><div class=\"wp-block-media-text__content\">\n<h4 class=\"wp-block-heading\"><strong>Nuestro talentoso equipo global, con d\u00e9cadas en experiencia en preservaci\u00f3n digital y bibliotecas, refleja la profundidad de nuestro compromiso. <\/strong><\/h4>\n\n\n\n<p>Aunque nuestra organizaci\u00f3n es una entidad relativamente nueva, gran parte del personal de la Biblioteca del legado asi\u00e1tico, ha estado involucrado durante m\u00e1s de treinta a\u00f1os en el mundo de la preservaci\u00f3n . Estos acad\u00e9micos, tecn\u00f3logos y operadores en captura han contribuido a proporcionarnos la mayor parte del contenido de nuestra biblioteca. <\/p>\n\n\n\n<p>Nuestras capturas proceden de proyectos ubicados en m\u00faltiples continentes e incluyen una amplia variedad de tradiciones de sabidur\u00eda textual.<\/p>\n\n\n\n<div class=\"wp-block-buttons is-horizontal is-content-justification-right is-layout-flex wp-container-core-buttons-is-layout-ae2fe186 wp-block-buttons-is-layout-flex\">\n<div class=\"wp-block-button\"><a class=\"wp-block-button__link\" href=\"https:\/\/asianlegacylib.wpengine.com\/about-asian-legacy-library\/the-asian-legacy-library-preservation\/\">VER PRESERVACI\u00d3N<\/a><\/div>\n<\/div>\n<\/div><\/div>\n\n<p><\/p>\n","protected":false},"excerpt":{"rendered":"<p>Como organizaci\u00f3n mundial sin fines de lucro, la Biblioteca del legado asi\u00e1tico, ofrece una combinaci\u00f3n de tecnolog\u00eda, becas y asociaciones para ubicar, preservar digitalmente y salvaguardar la invaluable literatura de sabidur\u00eda cultural del mundo. Los acad\u00e9micos, traductores y autores pueden hacer referencia a nuestras Colecciones, para mantener vivas estas tradiciones de ense\u00f1anza en el mundo [&hellip;]<\/p>\n","protected":false},"author":49,"featured_media":0,"parent":1473,"menu_order":10,"comment_status":"closed","ping_status":"closed","template":"","meta":{"_acf_changed":false,"footnotes":""},"class_list":["post-2083","page","type-page","status-publish","hentry"],"acf":[],"yoast_head":"<!-- This site is optimized with the Yoast SEO plugin v27.4 - https:\/\/yoast.com\/product\/yoast-seo-wordpress\/ -->\n<title>| Biblioteca del legado asi\u00e1tico<\/title>\n<meta name=\"description\" content=\"El objetivo de la Biblioteca del legado asi\u00e1tico es salvaguardar las exquisitas tradiciones de sabidur\u00eda de Oriente. Es hogar para algunas de las literaturas de sabidur\u00eda m\u00e1s extraordinarias.\" \/>\n<meta name=\"robots\" content=\"index, follow, max-snippet:-1, max-image-preview:large, max-video-preview:-1\" \/>\n<link rel=\"canonical\" href=\"https:\/\/asianlegacylibrary.org\/es\/acerca-de-la-biblioteca-del-legado-asiatico\/la-biblioteca-del-legado-asiatico-historia-y-mision\/\" \/>\n<meta property=\"og:locale\" content=\"es_ES\" \/>\n<meta property=\"og:type\" content=\"article\" \/>\n<meta property=\"og:title\" content=\"Biblioteca del legado asi\u00e1tico\" \/>\n<meta property=\"og:description\" content=\"La Biblioteca del legado asi\u00e1tico, considera que salvaguardar las tradiciones culturales de la sabidur\u00eda literaria del mundo, es prioridad para la humanidad y futuras generaciones.\" \/>\n<meta property=\"og:url\" content=\"https:\/\/asianlegacylibrary.org\/es\/acerca-de-la-biblioteca-del-legado-asiatico\/la-biblioteca-del-legado-asiatico-historia-y-mision\/\" \/>\n<meta property=\"og:site_name\" content=\"Asian Legacy Library\" \/>\n<meta property=\"article:publisher\" content=\"https:\/\/www.facebook.com\/asianlegacylibrary\" \/>\n<meta property=\"article:modified_time\" content=\"2025-07-04T06:30:55+00:00\" \/>\n<meta property=\"og:image\" content=\"http:\/\/asianlegacylib.wpengine.com\/wp-content\/uploads\/2021\/08\/ALL-\u2014-Facebook-5.png\" \/>\n<meta name=\"twitter:card\" content=\"summary_large_image\" \/>\n<meta name=\"twitter:title\" content=\"Biblioteca del legado asi\u00e1tico\" \/>\n<meta name=\"twitter:description\" content=\"La Biblioteca del legado asi\u00e1tico, considera que salvaguardar las tradiciones culturales de la sabidur\u00eda literaria del mundo, es prioridad para la humanidad y futuras generaciones.\" \/>\n<meta name=\"twitter:image\" content=\"http:\/\/asianlegacylib.wpengine.com\/wp-content\/uploads\/2021\/08\/ALL-\u2014-Facebook-5.png\" \/>\n<meta name=\"twitter:label1\" content=\"Tiempo de lectura\" \/>\n\t<meta name=\"twitter:data1\" content=\"9 minutos\" \/>\n<script type=\"application\/ld+json\" class=\"yoast-schema-graph\">{\"@context\":\"https:\\\/\\\/schema.org\",\"@graph\":[{\"@type\":\"WebPage\",\"@id\":\"https:\\\/\\\/asianlegacylibrary.org\\\/es\\\/acerca-de-la-biblioteca-del-legado-asiatico\\\/la-biblioteca-del-legado-asiatico-historia-y-mision\\\/\",\"url\":\"https:\\\/\\\/asianlegacylibrary.org\\\/es\\\/acerca-de-la-biblioteca-del-legado-asiatico\\\/la-biblioteca-del-legado-asiatico-historia-y-mision\\\/\",\"name\":\"| Biblioteca del legado asi\u00e1tico\",\"isPartOf\":{\"@id\":\"https:\\\/\\\/asianlegacylibrary.org\\\/es\\\/#website\"},\"primaryImageOfPage\":{\"@id\":\"https:\\\/\\\/asianlegacylibrary.org\\\/es\\\/acerca-de-la-biblioteca-del-legado-asiatico\\\/la-biblioteca-del-legado-asiatico-historia-y-mision\\\/#primaryimage\"},\"image\":{\"@id\":\"https:\\\/\\\/asianlegacylibrary.org\\\/es\\\/acerca-de-la-biblioteca-del-legado-asiatico\\\/la-biblioteca-del-legado-asiatico-historia-y-mision\\\/#primaryimage\"},\"thumbnailUrl\":\"https:\\\/\\\/asianlegacylibrary.org\\\/wp-content\\\/uploads\\\/2021\\\/08\\\/IMG_3079-copy-edited-scaled.jpg\",\"datePublished\":\"2021-10-04T21:02:01+00:00\",\"dateModified\":\"2025-07-04T06:30:55+00:00\",\"description\":\"El objetivo de la Biblioteca del legado asi\u00e1tico es salvaguardar las exquisitas tradiciones de sabidur\u00eda de Oriente. Es hogar para algunas de las literaturas de sabidur\u00eda m\u00e1s extraordinarias.\",\"breadcrumb\":{\"@id\":\"https:\\\/\\\/asianlegacylibrary.org\\\/es\\\/acerca-de-la-biblioteca-del-legado-asiatico\\\/la-biblioteca-del-legado-asiatico-historia-y-mision\\\/#breadcrumb\"},\"inLanguage\":\"es\",\"potentialAction\":[{\"@type\":\"ReadAction\",\"target\":[\"https:\\\/\\\/asianlegacylibrary.org\\\/es\\\/acerca-de-la-biblioteca-del-legado-asiatico\\\/la-biblioteca-del-legado-asiatico-historia-y-mision\\\/\"]}]},{\"@type\":\"ImageObject\",\"inLanguage\":\"es\",\"@id\":\"https:\\\/\\\/asianlegacylibrary.org\\\/es\\\/acerca-de-la-biblioteca-del-legado-asiatico\\\/la-biblioteca-del-legado-asiatico-historia-y-mision\\\/#primaryimage\",\"url\":\"https:\\\/\\\/asianlegacylibrary.org\\\/wp-content\\\/uploads\\\/2021\\\/08\\\/IMG_3079-copy-edited-scaled.jpg\",\"contentUrl\":\"https:\\\/\\\/asianlegacylibrary.org\\\/wp-content\\\/uploads\\\/2021\\\/08\\\/IMG_3079-copy-edited-scaled.jpg\"},{\"@type\":\"BreadcrumbList\",\"@id\":\"https:\\\/\\\/asianlegacylibrary.org\\\/es\\\/acerca-de-la-biblioteca-del-legado-asiatico\\\/la-biblioteca-del-legado-asiatico-historia-y-mision\\\/#breadcrumb\",\"itemListElement\":[{\"@type\":\"ListItem\",\"position\":1,\"name\":\"Home\",\"item\":\"https:\\\/\\\/asianlegacylibrary.org\\\/es\\\/la-biblioteca-del-legado-asiatico-pagina-de-inicio\\\/\"},{\"@type\":\"ListItem\",\"position\":2,\"name\":\"Acerca de\",\"item\":\"https:\\\/\\\/asianlegacylibrary.org\\\/es\\\/acerca-de-la-biblioteca-del-legado-asiatico\\\/\"},{\"@type\":\"ListItem\",\"position\":3,\"name\":\"Misi\u00f3n\"}]},{\"@type\":\"WebSite\",\"@id\":\"https:\\\/\\\/asianlegacylibrary.org\\\/es\\\/#website\",\"url\":\"https:\\\/\\\/asianlegacylibrary.org\\\/es\\\/\",\"name\":\"Asian Legacy Library\",\"description\":\"The rarest cultural wisdom literature in the world\",\"publisher\":{\"@id\":\"https:\\\/\\\/asianlegacylibrary.org\\\/es\\\/#organization\"},\"potentialAction\":[{\"@type\":\"SearchAction\",\"target\":{\"@type\":\"EntryPoint\",\"urlTemplate\":\"https:\\\/\\\/asianlegacylibrary.org\\\/es\\\/?s={search_term_string}\"},\"query-input\":{\"@type\":\"PropertyValueSpecification\",\"valueRequired\":true,\"valueName\":\"search_term_string\"}}],\"inLanguage\":\"es\"},{\"@type\":\"Organization\",\"@id\":\"https:\\\/\\\/asianlegacylibrary.org\\\/es\\\/#organization\",\"name\":\"Asian Legacy Library\",\"url\":\"https:\\\/\\\/asianlegacylibrary.org\\\/es\\\/\",\"logo\":{\"@type\":\"ImageObject\",\"inLanguage\":\"es\",\"@id\":\"https:\\\/\\\/asianlegacylibrary.org\\\/es\\\/#\\\/schema\\\/logo\\\/image\\\/\",\"url\":\"https:\\\/\\\/asianlegacylibrary.org\\\/wp-content\\\/uploads\\\/2022\\\/04\\\/ALL-LOGOMARK-CIRCLE-02.png\",\"contentUrl\":\"https:\\\/\\\/asianlegacylibrary.org\\\/wp-content\\\/uploads\\\/2022\\\/04\\\/ALL-LOGOMARK-CIRCLE-02.png\",\"width\":482,\"height\":500,\"caption\":\"Asian Legacy Library\"},\"image\":{\"@id\":\"https:\\\/\\\/asianlegacylibrary.org\\\/es\\\/#\\\/schema\\\/logo\\\/image\\\/\"},\"sameAs\":[\"https:\\\/\\\/www.facebook.com\\\/asianlegacylibrary\"]}]}<\/script>\n<!-- \/ Yoast SEO plugin. -->","yoast_head_json":{"title":"| Biblioteca del legado asi\u00e1tico","description":"El objetivo de la Biblioteca del legado asi\u00e1tico es salvaguardar las exquisitas tradiciones de sabidur\u00eda de Oriente. Es hogar para algunas de las literaturas de sabidur\u00eda m\u00e1s extraordinarias.","robots":{"index":"index","follow":"follow","max-snippet":"max-snippet:-1","max-image-preview":"max-image-preview:large","max-video-preview":"max-video-preview:-1"},"canonical":"https:\/\/asianlegacylibrary.org\/es\/acerca-de-la-biblioteca-del-legado-asiatico\/la-biblioteca-del-legado-asiatico-historia-y-mision\/","og_locale":"es_ES","og_type":"article","og_title":"Biblioteca del legado asi\u00e1tico","og_description":"La Biblioteca del legado asi\u00e1tico, considera que salvaguardar las tradiciones culturales de la sabidur\u00eda literaria del mundo, es prioridad para la humanidad y futuras generaciones.","og_url":"https:\/\/asianlegacylibrary.org\/es\/acerca-de-la-biblioteca-del-legado-asiatico\/la-biblioteca-del-legado-asiatico-historia-y-mision\/","og_site_name":"Asian Legacy Library","article_publisher":"https:\/\/www.facebook.com\/asianlegacylibrary","article_modified_time":"2025-07-04T06:30:55+00:00","og_image":[{"url":"http:\/\/asianlegacylib.wpengine.com\/wp-content\/uploads\/2021\/08\/ALL-\u2014-Facebook-5.png","type":"","width":"","height":""}],"twitter_card":"summary_large_image","twitter_title":"Biblioteca del legado asi\u00e1tico","twitter_description":"La Biblioteca del legado asi\u00e1tico, considera que salvaguardar las tradiciones culturales de la sabidur\u00eda literaria del mundo, es prioridad para la humanidad y futuras generaciones.","twitter_image":"http:\/\/asianlegacylib.wpengine.com\/wp-content\/uploads\/2021\/08\/ALL-\u2014-Facebook-5.png","twitter_misc":{"Tiempo de lectura":"9 minutos"},"schema":{"@context":"https:\/\/schema.org","@graph":[{"@type":"WebPage","@id":"https:\/\/asianlegacylibrary.org\/es\/acerca-de-la-biblioteca-del-legado-asiatico\/la-biblioteca-del-legado-asiatico-historia-y-mision\/","url":"https:\/\/asianlegacylibrary.org\/es\/acerca-de-la-biblioteca-del-legado-asiatico\/la-biblioteca-del-legado-asiatico-historia-y-mision\/","name":"| Biblioteca del legado asi\u00e1tico","isPartOf":{"@id":"https:\/\/asianlegacylibrary.org\/es\/#website"},"primaryImageOfPage":{"@id":"https:\/\/asianlegacylibrary.org\/es\/acerca-de-la-biblioteca-del-legado-asiatico\/la-biblioteca-del-legado-asiatico-historia-y-mision\/#primaryimage"},"image":{"@id":"https:\/\/asianlegacylibrary.org\/es\/acerca-de-la-biblioteca-del-legado-asiatico\/la-biblioteca-del-legado-asiatico-historia-y-mision\/#primaryimage"},"thumbnailUrl":"https:\/\/asianlegacylibrary.org\/wp-content\/uploads\/2021\/08\/IMG_3079-copy-edited-scaled.jpg","datePublished":"2021-10-04T21:02:01+00:00","dateModified":"2025-07-04T06:30:55+00:00","description":"El objetivo de la Biblioteca del legado asi\u00e1tico es salvaguardar las exquisitas tradiciones de sabidur\u00eda de Oriente. Es hogar para algunas de las literaturas de sabidur\u00eda m\u00e1s extraordinarias.","breadcrumb":{"@id":"https:\/\/asianlegacylibrary.org\/es\/acerca-de-la-biblioteca-del-legado-asiatico\/la-biblioteca-del-legado-asiatico-historia-y-mision\/#breadcrumb"},"inLanguage":"es","potentialAction":[{"@type":"ReadAction","target":["https:\/\/asianlegacylibrary.org\/es\/acerca-de-la-biblioteca-del-legado-asiatico\/la-biblioteca-del-legado-asiatico-historia-y-mision\/"]}]},{"@type":"ImageObject","inLanguage":"es","@id":"https:\/\/asianlegacylibrary.org\/es\/acerca-de-la-biblioteca-del-legado-asiatico\/la-biblioteca-del-legado-asiatico-historia-y-mision\/#primaryimage","url":"https:\/\/asianlegacylibrary.org\/wp-content\/uploads\/2021\/08\/IMG_3079-copy-edited-scaled.jpg","contentUrl":"https:\/\/asianlegacylibrary.org\/wp-content\/uploads\/2021\/08\/IMG_3079-copy-edited-scaled.jpg"},{"@type":"BreadcrumbList","@id":"https:\/\/asianlegacylibrary.org\/es\/acerca-de-la-biblioteca-del-legado-asiatico\/la-biblioteca-del-legado-asiatico-historia-y-mision\/#breadcrumb","itemListElement":[{"@type":"ListItem","position":1,"name":"Home","item":"https:\/\/asianlegacylibrary.org\/es\/la-biblioteca-del-legado-asiatico-pagina-de-inicio\/"},{"@type":"ListItem","position":2,"name":"Acerca de","item":"https:\/\/asianlegacylibrary.org\/es\/acerca-de-la-biblioteca-del-legado-asiatico\/"},{"@type":"ListItem","position":3,"name":"Misi\u00f3n"}]},{"@type":"WebSite","@id":"https:\/\/asianlegacylibrary.org\/es\/#website","url":"https:\/\/asianlegacylibrary.org\/es\/","name":"Asian Legacy Library","description":"The rarest cultural wisdom literature in the world","publisher":{"@id":"https:\/\/asianlegacylibrary.org\/es\/#organization"},"potentialAction":[{"@type":"SearchAction","target":{"@type":"EntryPoint","urlTemplate":"https:\/\/asianlegacylibrary.org\/es\/?s={search_term_string}"},"query-input":{"@type":"PropertyValueSpecification","valueRequired":true,"valueName":"search_term_string"}}],"inLanguage":"es"},{"@type":"Organization","@id":"https:\/\/asianlegacylibrary.org\/es\/#organization","name":"Asian Legacy Library","url":"https:\/\/asianlegacylibrary.org\/es\/","logo":{"@type":"ImageObject","inLanguage":"es","@id":"https:\/\/asianlegacylibrary.org\/es\/#\/schema\/logo\/image\/","url":"https:\/\/asianlegacylibrary.org\/wp-content\/uploads\/2022\/04\/ALL-LOGOMARK-CIRCLE-02.png","contentUrl":"https:\/\/asianlegacylibrary.org\/wp-content\/uploads\/2022\/04\/ALL-LOGOMARK-CIRCLE-02.png","width":482,"height":500,"caption":"Asian Legacy Library"},"image":{"@id":"https:\/\/asianlegacylibrary.org\/es\/#\/schema\/logo\/image\/"},"sameAs":["https:\/\/www.facebook.com\/asianlegacylibrary"]}]}},"_links":{"self":[{"href":"https:\/\/asianlegacylibrary.org\/es\/wp-json\/wp\/v2\/pages\/2083","targetHints":{"allow":["GET"]}}],"collection":[{"href":"https:\/\/asianlegacylibrary.org\/es\/wp-json\/wp\/v2\/pages"}],"about":[{"href":"https:\/\/asianlegacylibrary.org\/es\/wp-json\/wp\/v2\/types\/page"}],"author":[{"embeddable":true,"href":"https:\/\/asianlegacylibrary.org\/es\/wp-json\/wp\/v2\/users\/49"}],"replies":[{"embeddable":true,"href":"https:\/\/asianlegacylibrary.org\/es\/wp-json\/wp\/v2\/comments?post=2083"}],"version-history":[{"count":0,"href":"https:\/\/asianlegacylibrary.org\/es\/wp-json\/wp\/v2\/pages\/2083\/revisions"}],"up":[{"embeddable":true,"href":"https:\/\/asianlegacylibrary.org\/es\/wp-json\/wp\/v2\/pages\/1473"}],"wp:attachment":[{"href":"https:\/\/asianlegacylibrary.org\/es\/wp-json\/wp\/v2\/media?parent=2083"}],"curies":[{"name":"wp","href":"https:\/\/api.w.org\/{rel}","templated":true}]}}