{"id":1757,"date":"2021-09-17T21:06:06","date_gmt":"2021-09-17T21:06:06","guid":{"rendered":"https:\/\/asianlegacylib.wpengine.com\/apoyo\/la-tienda-de-diseno\/"},"modified":"2025-07-04T06:36:03","modified_gmt":"2025-07-04T06:36:03","slug":"la-tienda","status":"publish","type":"page","link":"https:\/\/asianlegacylibrary.org\/es\/la-biblioteca-del-legado-asiatico-apoyo\/la-tienda\/","title":{"rendered":"Boutique de dise\u00f1os"},"content":{"rendered":"\n<\/div><!-- \/ Wrapper -->\n\n<section class=\"page-hero mb-l extended\">\n\t<hgroup>\n\t\t\t\t<div class=\"wrapper\">\n\t\t\t<h1><span style=\"color: #ffffff;\">LA BIBLIOTECA DEL LEGADO ASIATICO<\/span><span> <\/span><span style=\"color: #ffffff;\">BOUTIQUE DE DISE\u00d1OS<\/span><\/h1>\n\t\t<\/div>\n\t\t\t<\/hgroup>\n\t\t<a href=\"#content-scroll-to\" class=\"scroll-indicator to-content\">\n\t\tScroll\t\t<span><\/span>\n\t<\/a>\n\t<div class=\"sliced front initialized\">\n  \t\t<img decoding=\"async\" src=\"https:\/\/asianlegacylibrary.org\/wp-content\/uploads\/2021\/09\/Retail-Image-scaled-e1631296325521.jpg\" class=\"sliced-img\"\/>\n\t<\/div>\n\t<\/section><!-- \/ Page Hero -->\n\n<div class=\"wrapper\" id=\"content-scroll-to\">\n\n\n<h4 class=\"mb-s wp-block-heading\">Boutique de Dise\u00f1os disponible a partir de enero de 2023<\/h4>\n\n<div class=\"wp-block-columns is-layout-flex wp-container-core-columns-is-layout-9d6595d7 wp-block-columns-is-layout-flex\">\n<div class=\"wp-block-column is-layout-flow wp-block-column-is-layout-flow\">\n<p>Tenemos el placer de compartir con usted nuestra colecci\u00f3n de art\u00edculos de inter\u00e9s cultural, procedentes de todo el mundo, en apoyo de la preservaci\u00f3n de la Sabidur\u00eda atemporal.<br\/><br\/>Cada art\u00edculo ha sido cuidadosamente obtenido, dise\u00f1ado, producido y alienado a la misi\u00f3n de nuestra marca de mantener las tradiciones de sabidur\u00eda cultural vivas y pr\u00f3speras en el mundo.<\/p>\n<\/div>\n\n\n\n<div class=\"wp-block-column is-layout-flow wp-block-column-is-layout-flow\">\n<p>Un porcentaje del importe de cada compra se destinar\u00e1 al fondo de operaciones generales de la Biblioteca del Legado Asi\u00e1tico.<\/p>\n<\/div>\n<\/div>\n","protected":false},"excerpt":{"rendered":"<p>Boutique de Dise\u00f1os disponible a partir de enero de 2023 Tenemos el placer de compartir con usted nuestra colecci\u00f3n de art\u00edculos de inter\u00e9s cultural, procedentes de todo el mundo, en apoyo de la preservaci\u00f3n de la Sabidur\u00eda atemporal. Cada art\u00edculo ha sido cuidadosamente obtenido, dise\u00f1ado, producido y alienado a la misi\u00f3n de nuestra marca de [&hellip;]<\/p>\n","protected":false},"author":9,"featured_media":0,"parent":3923,"menu_order":25,"comment_status":"closed","ping_status":"closed","template":"","meta":{"_acf_changed":false,"footnotes":""},"class_list":["post-1757","page","type-page","status-publish","hentry"],"acf":[],"yoast_head":"<!-- This site is optimized with the Yoast SEO plugin v27.3 - https:\/\/yoast.com\/product\/yoast-seo-wordpress\/ -->\n<title>Boutique de dise\u00f1os - Asian Legacy Library<\/title>\n<meta name=\"description\" content=\"Boutique de Dise\u00f1os disponible a partir de enero de 2023 Tenemos el placer de compartir con usted nuestra colecci\u00f3n de art\u00edculos de inter\u00e9s cultural,\" \/>\n<meta name=\"robots\" content=\"index, follow, max-snippet:-1, max-image-preview:large, max-video-preview:-1\" \/>\n<link rel=\"canonical\" href=\"https:\/\/asianlegacylibrary.org\/es\/la-biblioteca-del-legado-asiatico-apoyo\/la-tienda\/\" \/>\n<meta property=\"og:locale\" content=\"es_ES\" \/>\n<meta property=\"og:type\" content=\"article\" \/>\n<meta property=\"og:title\" content=\"Boutique de dise\u00f1os - Asian Legacy Library\" \/>\n<meta property=\"og:description\" content=\"Boutique de Dise\u00f1os disponible a partir de enero de 2023 Tenemos el placer de compartir con usted nuestra colecci\u00f3n de art\u00edculos de inter\u00e9s cultural,\" \/>\n<meta property=\"og:url\" content=\"https:\/\/asianlegacylibrary.org\/es\/la-biblioteca-del-legado-asiatico-apoyo\/la-tienda\/\" \/>\n<meta property=\"og:site_name\" content=\"Asian Legacy Library\" \/>\n<meta property=\"article:publisher\" content=\"https:\/\/www.facebook.com\/asianlegacylibrary\" \/>\n<meta property=\"article:modified_time\" content=\"2025-07-04T06:36:03+00:00\" \/>\n<meta property=\"og:image\" content=\"https:\/\/asianlegacylibrary.org\/wp-content\/uploads\/2021\/11\/Screen-Shot-2021-11-02-at-11.22.54-AM-1024x597.png\" \/>\n\t<meta property=\"og:image:width\" content=\"1024\" \/>\n\t<meta property=\"og:image:height\" content=\"597\" \/>\n\t<meta property=\"og:image:type\" content=\"image\/png\" \/>\n<meta name=\"twitter:card\" content=\"summary_large_image\" \/>\n<script type=\"application\/ld+json\" class=\"yoast-schema-graph\">{\"@context\":\"https:\\\/\\\/schema.org\",\"@graph\":[{\"@type\":\"WebPage\",\"@id\":\"https:\\\/\\\/asianlegacylibrary.org\\\/es\\\/la-biblioteca-del-legado-asiatico-apoyo\\\/la-tienda\\\/\",\"url\":\"https:\\\/\\\/asianlegacylibrary.org\\\/es\\\/la-biblioteca-del-legado-asiatico-apoyo\\\/la-tienda\\\/\",\"name\":\"Boutique de dise\u00f1os - Asian Legacy Library\",\"isPartOf\":{\"@id\":\"https:\\\/\\\/asianlegacylibrary.org\\\/es\\\/#website\"},\"datePublished\":\"2021-09-17T21:06:06+00:00\",\"dateModified\":\"2025-07-04T06:36:03+00:00\",\"description\":\"Boutique de Dise\u00f1os disponible a partir de enero de 2023 Tenemos el placer de compartir con usted nuestra colecci\u00f3n de art\u00edculos de inter\u00e9s cultural,\",\"breadcrumb\":{\"@id\":\"https:\\\/\\\/asianlegacylibrary.org\\\/es\\\/la-biblioteca-del-legado-asiatico-apoyo\\\/la-tienda\\\/#breadcrumb\"},\"inLanguage\":\"es\",\"potentialAction\":[{\"@type\":\"ReadAction\",\"target\":[\"https:\\\/\\\/asianlegacylibrary.org\\\/es\\\/la-biblioteca-del-legado-asiatico-apoyo\\\/la-tienda\\\/\"]}]},{\"@type\":\"BreadcrumbList\",\"@id\":\"https:\\\/\\\/asianlegacylibrary.org\\\/es\\\/la-biblioteca-del-legado-asiatico-apoyo\\\/la-tienda\\\/#breadcrumb\",\"itemListElement\":[{\"@type\":\"ListItem\",\"position\":1,\"name\":\"Home\",\"item\":\"https:\\\/\\\/asianlegacylibrary.org\\\/es\\\/la-biblioteca-del-legado-asiatico-pagina-de-inicio\\\/\"},{\"@type\":\"ListItem\",\"position\":2,\"name\":\"Apoye\",\"item\":\"https:\\\/\\\/asianlegacylibrary.org\\\/es\\\/la-biblioteca-del-legado-asiatico-apoyo\\\/\"},{\"@type\":\"ListItem\",\"position\":3,\"name\":\"Boutique de dise\u00f1os\"}]},{\"@type\":\"WebSite\",\"@id\":\"https:\\\/\\\/asianlegacylibrary.org\\\/es\\\/#website\",\"url\":\"https:\\\/\\\/asianlegacylibrary.org\\\/es\\\/\",\"name\":\"Asian Legacy Library\",\"description\":\"The rarest cultural wisdom literature in the world\",\"publisher\":{\"@id\":\"https:\\\/\\\/asianlegacylibrary.org\\\/es\\\/#organization\"},\"potentialAction\":[{\"@type\":\"SearchAction\",\"target\":{\"@type\":\"EntryPoint\",\"urlTemplate\":\"https:\\\/\\\/asianlegacylibrary.org\\\/es\\\/?s={search_term_string}\"},\"query-input\":{\"@type\":\"PropertyValueSpecification\",\"valueRequired\":true,\"valueName\":\"search_term_string\"}}],\"inLanguage\":\"es\"},{\"@type\":\"Organization\",\"@id\":\"https:\\\/\\\/asianlegacylibrary.org\\\/es\\\/#organization\",\"name\":\"Asian Legacy Library\",\"url\":\"https:\\\/\\\/asianlegacylibrary.org\\\/es\\\/\",\"logo\":{\"@type\":\"ImageObject\",\"inLanguage\":\"es\",\"@id\":\"https:\\\/\\\/asianlegacylibrary.org\\\/es\\\/#\\\/schema\\\/logo\\\/image\\\/\",\"url\":\"https:\\\/\\\/asianlegacylibrary.org\\\/wp-content\\\/uploads\\\/2022\\\/04\\\/ALL-LOGOMARK-CIRCLE-02.png\",\"contentUrl\":\"https:\\\/\\\/asianlegacylibrary.org\\\/wp-content\\\/uploads\\\/2022\\\/04\\\/ALL-LOGOMARK-CIRCLE-02.png\",\"width\":482,\"height\":500,\"caption\":\"Asian Legacy Library\"},\"image\":{\"@id\":\"https:\\\/\\\/asianlegacylibrary.org\\\/es\\\/#\\\/schema\\\/logo\\\/image\\\/\"},\"sameAs\":[\"https:\\\/\\\/www.facebook.com\\\/asianlegacylibrary\"]}]}<\/script>\n<!-- \/ Yoast SEO plugin. -->","yoast_head_json":{"title":"Boutique de dise\u00f1os - Asian Legacy Library","description":"Boutique de Dise\u00f1os disponible a partir de enero de 2023 Tenemos el placer de compartir con usted nuestra colecci\u00f3n de art\u00edculos de inter\u00e9s cultural,","robots":{"index":"index","follow":"follow","max-snippet":"max-snippet:-1","max-image-preview":"max-image-preview:large","max-video-preview":"max-video-preview:-1"},"canonical":"https:\/\/asianlegacylibrary.org\/es\/la-biblioteca-del-legado-asiatico-apoyo\/la-tienda\/","og_locale":"es_ES","og_type":"article","og_title":"Boutique de dise\u00f1os - Asian Legacy Library","og_description":"Boutique de Dise\u00f1os disponible a partir de enero de 2023 Tenemos el placer de compartir con usted nuestra colecci\u00f3n de art\u00edculos de inter\u00e9s cultural,","og_url":"https:\/\/asianlegacylibrary.org\/es\/la-biblioteca-del-legado-asiatico-apoyo\/la-tienda\/","og_site_name":"Asian Legacy Library","article_publisher":"https:\/\/www.facebook.com\/asianlegacylibrary","article_modified_time":"2025-07-04T06:36:03+00:00","og_image":[{"width":1024,"height":597,"url":"https:\/\/asianlegacylibrary.org\/wp-content\/uploads\/2021\/11\/Screen-Shot-2021-11-02-at-11.22.54-AM-1024x597.png","type":"image\/png"}],"twitter_card":"summary_large_image","schema":{"@context":"https:\/\/schema.org","@graph":[{"@type":"WebPage","@id":"https:\/\/asianlegacylibrary.org\/es\/la-biblioteca-del-legado-asiatico-apoyo\/la-tienda\/","url":"https:\/\/asianlegacylibrary.org\/es\/la-biblioteca-del-legado-asiatico-apoyo\/la-tienda\/","name":"Boutique de dise\u00f1os - Asian Legacy Library","isPartOf":{"@id":"https:\/\/asianlegacylibrary.org\/es\/#website"},"datePublished":"2021-09-17T21:06:06+00:00","dateModified":"2025-07-04T06:36:03+00:00","description":"Boutique de Dise\u00f1os disponible a partir de enero de 2023 Tenemos el placer de compartir con usted nuestra colecci\u00f3n de art\u00edculos de inter\u00e9s cultural,","breadcrumb":{"@id":"https:\/\/asianlegacylibrary.org\/es\/la-biblioteca-del-legado-asiatico-apoyo\/la-tienda\/#breadcrumb"},"inLanguage":"es","potentialAction":[{"@type":"ReadAction","target":["https:\/\/asianlegacylibrary.org\/es\/la-biblioteca-del-legado-asiatico-apoyo\/la-tienda\/"]}]},{"@type":"BreadcrumbList","@id":"https:\/\/asianlegacylibrary.org\/es\/la-biblioteca-del-legado-asiatico-apoyo\/la-tienda\/#breadcrumb","itemListElement":[{"@type":"ListItem","position":1,"name":"Home","item":"https:\/\/asianlegacylibrary.org\/es\/la-biblioteca-del-legado-asiatico-pagina-de-inicio\/"},{"@type":"ListItem","position":2,"name":"Apoye","item":"https:\/\/asianlegacylibrary.org\/es\/la-biblioteca-del-legado-asiatico-apoyo\/"},{"@type":"ListItem","position":3,"name":"Boutique de dise\u00f1os"}]},{"@type":"WebSite","@id":"https:\/\/asianlegacylibrary.org\/es\/#website","url":"https:\/\/asianlegacylibrary.org\/es\/","name":"Asian Legacy Library","description":"The rarest cultural wisdom literature in the world","publisher":{"@id":"https:\/\/asianlegacylibrary.org\/es\/#organization"},"potentialAction":[{"@type":"SearchAction","target":{"@type":"EntryPoint","urlTemplate":"https:\/\/asianlegacylibrary.org\/es\/?s={search_term_string}"},"query-input":{"@type":"PropertyValueSpecification","valueRequired":true,"valueName":"search_term_string"}}],"inLanguage":"es"},{"@type":"Organization","@id":"https:\/\/asianlegacylibrary.org\/es\/#organization","name":"Asian Legacy Library","url":"https:\/\/asianlegacylibrary.org\/es\/","logo":{"@type":"ImageObject","inLanguage":"es","@id":"https:\/\/asianlegacylibrary.org\/es\/#\/schema\/logo\/image\/","url":"https:\/\/asianlegacylibrary.org\/wp-content\/uploads\/2022\/04\/ALL-LOGOMARK-CIRCLE-02.png","contentUrl":"https:\/\/asianlegacylibrary.org\/wp-content\/uploads\/2022\/04\/ALL-LOGOMARK-CIRCLE-02.png","width":482,"height":500,"caption":"Asian Legacy Library"},"image":{"@id":"https:\/\/asianlegacylibrary.org\/es\/#\/schema\/logo\/image\/"},"sameAs":["https:\/\/www.facebook.com\/asianlegacylibrary"]}]}},"_links":{"self":[{"href":"https:\/\/asianlegacylibrary.org\/es\/wp-json\/wp\/v2\/pages\/1757","targetHints":{"allow":["GET"]}}],"collection":[{"href":"https:\/\/asianlegacylibrary.org\/es\/wp-json\/wp\/v2\/pages"}],"about":[{"href":"https:\/\/asianlegacylibrary.org\/es\/wp-json\/wp\/v2\/types\/page"}],"author":[{"embeddable":true,"href":"https:\/\/asianlegacylibrary.org\/es\/wp-json\/wp\/v2\/users\/9"}],"replies":[{"embeddable":true,"href":"https:\/\/asianlegacylibrary.org\/es\/wp-json\/wp\/v2\/comments?post=1757"}],"version-history":[{"count":0,"href":"https:\/\/asianlegacylibrary.org\/es\/wp-json\/wp\/v2\/pages\/1757\/revisions"}],"up":[{"embeddable":true,"href":"https:\/\/asianlegacylibrary.org\/es\/wp-json\/wp\/v2\/pages\/3923"}],"wp:attachment":[{"href":"https:\/\/asianlegacylibrary.org\/es\/wp-json\/wp\/v2\/media?parent=1757"}],"curies":[{"name":"wp","href":"https:\/\/api.w.org\/{rel}","templated":true}]}}