{"id":1478,"date":"2021-09-14T01:08:35","date_gmt":"2021-09-14T01:08:35","guid":{"rendered":"https:\/\/asianlegacylib.wpengine.com\/acerca-de\/equipo\/"},"modified":"2025-07-04T06:30:56","modified_gmt":"2025-07-04T06:30:56","slug":"la-biblioteca-del-legado-asiatico-equipo","status":"publish","type":"page","link":"https:\/\/asianlegacylibrary.org\/es\/acerca-de-la-biblioteca-del-legado-asiatico\/la-biblioteca-del-legado-asiatico-equipo\/","title":{"rendered":"Equipo"},"content":{"rendered":"\n<\/div><!-- \/ Wrapper -->\n\n<section class=\"page-hero \">\n\t<hgroup>\n\t\t\t\t<div class=\"wrapper hero-cols-outer\">\n\t\t\t<h1>EQUIPO<\/h1>\n\t\t\t<div class=\"hero-cols\">\n\t\t\t\t<div class=\"col\">\n\t\t\t\t\t<h3>Nuestro equipo mundial de bibliotecas es tan rico y variado como nuestros contenidos.<\/h3>\n\t\t\t\t<\/div>\n\t\t\t\t<div class=\"col\">\n\t\t\t\t\t<p>La Biblioteca del Legado Asi\u00e1tico cuenta con la participaci\u00f3n de ejecutivos, gerentes, empleados y voluntarios de gran experiencia, que apoyan nuestra misi\u00f3n en m\u00e1s de 40 pa\u00edses de todo el mundo.<\/p>\n\t\t\t\t<\/div>\n\t\t\t<\/div>\n\t\t<\/div>\n\t\t\t<\/hgroup>\n\t<\/section><!-- \/ Page Hero -->\n\n<div class=\"wrapper\" id=\"content-scroll-to\">\n\n\n<h2 class=\"wide wp-block-heading\">PERSONAL DE LA SEDE CENTRAL DE EE.UU.<\/h2>\n<div class=\"people-outer headquarters\"><div class=\"people-grid\"><article>\n\t\t<div class=\"simple-item-wrapper\">\n\t\t<h4>.<\/h4>\n\t\t<p>Le apasiona la transformaci\u00f3n global que se est\u00e1 produciendo y el efecto que est\u00e1 teniendo en las organizaciones. Antes de unirse a B.L.A. las responsabilidades de Ben lo llevaron a Beijing y Hangzhou con Jumore E-Commerce, una plataforma digital de empresa a empresa, como vicepresidente de mercados extranjeros. Tambi\u00e9n reuni\u00f3 m\u00e1s de 20 a\u00f1os de [&hellip;]<\/p>\n\t<\/div>\n\t<\/article><article>\n\t\t<div class=\"simple-item-wrapper\">\n\t\t<h4>Emma Grace Lewis<\/h4>\n\t\t<p>El papel de Emma en la Biblioteca del legado asi\u00e1tico se centra en el desarrollo y la programaci\u00f3n para la difusi\u00f3n. Antes de incorporarse a B.L.A, Emma trabaj\u00f3 del 2015 a 2018 con el Centro de Recursos Digitales Budistas, gestionando proyectos de recaudaci\u00f3n de fondos y comunicaci\u00f3n. En 2021 obtuvo la maestr\u00eda en la Universidad [&hellip;]<\/p>\n\t<\/div>\n\t<\/article><article>\n\t\t<div class=\"simple-item-wrapper\">\n\t\t<h4>JOHN C. BRADY<\/h4>\n\t\t<p>John trabaja en la Biblioteca del legado asi\u00e1tico como Director ejecutivo a cargo de las operaciones globales. Antes de trabajar en la Biblioteca del legado asi\u00e1tico, John fue Director ejecutivo de Lillian Vernon Corporation, dirigiendo una divisi\u00f3n \u00abBusiness to Business\u00bb que prestaba servicio a clientes como Estee Lauder Cosmetics, American Express Credit Card Services, Victoria&#8217;s [&hellip;]<\/p>\n\t<\/div>\n\t<\/article><article>\n\t\t<div class=\"simple-item-wrapper\">\n\t\t<h4>JEFF WALLMAN<\/h4>\n\t\t<p>Jeff es consultor para el desarrollo de tecnolog\u00eda de la biblioteca digital y la recaudaci\u00f3n de fondos para la Biblioteca del legado Asi\u00e1tico. \u00c9l aporta 20 a\u00f1os de experiencia en la preservaci\u00f3n cultural digital a la Biblioteca del legado asi\u00e1tico Con una trayectoria en tecnolog\u00eda, ha conceptualizado, implementado y gestionado proyectos hist\u00f3ricos de preservaci\u00f3n. Como [&hellip;]<\/p>\n\t<\/div>\n\t<\/article><article>\n\t\t<div class=\"simple-item-wrapper\">\n\t\t<h4>MARK W. TRIPPETTI<\/h4>\n\t\t<p>Mark es el responsable de la marca de la Biblioteca del legado asi\u00e1tico. \u00c9l es un ejecutivo con experiencia estrat\u00e9gica y creativa a nivel internacional, que ha dirigido inteligentemente empresas y productos hacia un mayor \u00e9xito en sus respectivos mercados durante 25 a\u00f1os en los Estados Unidos (Nueva York y San Francisco), Europa (Londres y [&hellip;]<\/p>\n\t<\/div>\n\t<\/article><article>\n\t\t<div class=\"simple-item-wrapper\">\n\t\t<h4>BEN GHALMI<\/h4>\n\t\t<p>Ben tiene responsabilidad principal la gesti\u00f3n financiera de la Biblioteca del legado Asi\u00e1tico. Le apasiona la transformaci\u00f3n global que se est\u00e1 gestando y el efecto que est\u00e1 teniendo en las organizaciones. Antes de unirse a B.L.A., sus responsabilidades lo llevaron a Beijing y Hangzhou con Jumore E-Commerce, una plataforma digital de empresa a empresa, como [&hellip;]<\/p>\n\t<\/div>\n\t<\/article><article>\n\t\t<div class=\"simple-item-wrapper\">\n\t\t<h4>VIMALA SPERBER<\/h4>\n\t\t<p>Vimala contribuye con la Biblioteca del legado asi\u00e1tico en proyectos especiales, principalmente su enfoque se encuentra en las relaciones con los donantes. Vimala ha colaborado con la Biblioteca del legado asi\u00e1tico desde su inicio, primero investigando importantes manuscritos y\u00f3guicos y budistas para el programa en s\u00e1nscrito, y en 2018, ayud\u00f3 a organizar el primer centro [&hellip;]<\/p>\n\t<\/div>\n\t<\/article><article>\n\t\t<div class=\"simple-item-wrapper\">\n\t\t<h4>CHRISTINA KASICA<\/h4>\n\t\t<p>Christina une sus esfuerzos de preservaci\u00f3n como Directora ejecutiva de la Biblioteca del legado asi\u00e1tico, en la Biblioteca Nacional de Mongolia, situada en Ul\u00e1n Bator. Christina estudi\u00f3 Historia isl\u00e1mica medieval intelectual en un programa de doctorado en la Universidad de Harvard, obteniendo un m\u00e1ster en el Departamento de Lenguas y Civilizaciones de Oriente Pr\u00f3ximo. Despu\u00e9s, [&hellip;]<\/p>\n\t<\/div>\n\t<\/article><article>\n\t\t<div class=\"simple-item-wrapper\">\n\t\t<h4>Osiris Luciano<\/h4>\n\t\t<p>Osiris Luciano es un artista y cineasta comprometido. Su principal responsabilidad en la Biblioteca del legado asi\u00e1tico es dar vida, de la manera m\u00e1s emocionante y resonante, a historias que hacen que nuestra misi\u00f3n sea tan especial. Su relaci\u00f3n \u00fanica con nuestros contribuidores alrededor del mundo le proporciona una visi\u00f3n extraordinaria para narrar historias que [&hellip;]<\/p>\n\t<\/div>\n\t<\/article><article>\n\t\t<div class=\"simple-item-wrapper\">\n\t\t<h4>NICHOLAS LASHAW<\/h4>\n\t\t<p>La funci\u00f3n principal de Nick en la Biblioteca del legado asi\u00e1tico es gestionar los programas que est\u00e1n llevando a cabo en nuestros centros asociados de preservaci\u00f3n en el sur de Asia. Tras completar su licenciatura en ingenier\u00eda mec\u00e1nica, Nick emprendi\u00f3 amplios estudios de filosof\u00eda budista y y\u00f3guica. Sus antecedentes en el \u00e1mbito empresarial incluyen la [&hellip;]<\/p>\n\t<\/div>\n\t<\/article><article>\n\t\t<div class=\"simple-item-wrapper\">\n\t\t<h4>Phil Baker<\/h4>\n\t\t<p>La responsabilidad primordial de Phil en la Biblioteca del Legado Asi\u00e1tico ha sido la de recopilar y catalogar textos budistas en transliteraci\u00f3n de nuestros centros iniciales de captura ubicados en el sur de la India. \u00daltimamente tambi\u00e9n se ha incorporado informaci\u00f3n de los cat\u00e1logos del proyecto actual de la Biblioteca del legado asi\u00e1tico ubicado en [&hellip;]<\/p>\n\t<\/div>\n\t<\/article><article>\n\t\t<div class=\"simple-item-wrapper\">\n\t\t<h4>Brett Edward Shea<\/h4>\n\t\t<p>Brett oversees brand content and stories told across the entirety of the Asian Legacy Library\u2019s communication channels. A seasoned copywriter and creative director, Brett has worked with creative agencies and in-house teams in New York, Colorado, and California. He\u2019s used his unique method of storytelling to develop messaging and content for well-known, innovative brands like [&hellip;]<\/p>\n\t<\/div>\n\t<\/article><\/div><\/div>\n\n<h2 class=\"wide wp-block-heading\">BIBLIOTECA DEL LEGADO ASIATICO <br\/>CONSEJO<\/h2>\n<div class=\"people-outer board\"><div class=\"people-grid\"><article>\n\t\t<div class=\"simple-item-wrapper\">\n\t\t<h4>Michael Roach<\/h4>\n\t\t<p>Michael Roach es miembro del Consejo de la Biblioteca del legado asi\u00e1tico como fundador del Proyecto de captura de los cl\u00e1sicos de Asia. ACIP se cre\u00f3 en 1987 para preservar y digitalizar los textos de sabidur\u00eda atemporales de Asia, principalmente en la tradici\u00f3n budista tibetana. En su \u00faltimo a\u00f1o de secundaria, recibi\u00f3 el premio Presidential Scholars Medallion y es graduado de la Universidad de Princeton<\/p>\n<p>Michael fue el primer estadounidense en finalizar sus estudios budistas con el el grado de Geshe, o Maestr\u00eda en Budismo, del Monasterio Sera Mey en el Sur de la India.<\/p>\n<p>Como director y miembro fundador de Andin International Diamond Corporation, Michael ayud\u00f3 a crecer la empresa de tres empleados hasta venderse en el 2009 a Richline Group; una empresa de Berkshire Hathaway, despu\u00e9s de lograr m\u00e1s de $250 millones de d\u00f3lares en ventas.<\/p>\n<p>Adem\u00e1s de ser autor de varios libros, entre ellos el bestseller del New York Times, El cortador de diamantes: El Buda en la administraci\u00f3n de tu negocio y tu vida. Fundador de m\u00faltiples organizaciones mundiales de ense\u00f1anza basadas en los principios de las antiguas y atemporales tradiciones de sabidur\u00eda de Asia.<\/p>\n<p>En 2019, el Proyecto de captura de los cl\u00e1sicos de Asia , ACIP ces\u00f3 sus operaciones y don\u00f3 su importante corpus de trabajo de preservaci\u00f3n a la Biblioteca del legado asi\u00e1tico.<\/p>\n\t<\/div>\n\t<\/article><article>\n\t\t<div class=\"simple-item-wrapper\">\n\t\t<h4>John Brady<\/h4>\n\t\t<p>John colabora con la Biblioteca del legado asi\u00e1tico como Director ejecutivo a cargo de operaciones internacionales.<\/p>\n<p>Antes de formar parte de la Biblioteca del legado asi\u00e1tico, John fue Director ejecutivo de la Corporaci\u00f3n Lillian Vernon, liderando una divisi\u00f3n \u00abde negocio a negocio\u00bb centrada a la atenci\u00f3n de clientes corporativos como Cosm\u00e9ticos Estee Lauder, Servicios de tarjetas de cr\u00e9dito American Express, Victoria&#8217;s Secret, Anheuser-Busch, Kraft Foods y otras empresas de la lista Fortune 500.<\/p>\n<p>John estudi\u00f3 y practic\u00f3 la meditaci\u00f3n durante m\u00e1s de diez a\u00f1os con Eido Shimano Roshi, un aut\u00e9ntico maestro y titular del linaje de la tradici\u00f3n Rinzai del budismo zen japon\u00e9s. Posteriormente form\u00f3 parte del Consejo directivo de la Sociedad de estudios Zen de 1985 a 1995.<\/p>\n<p>En 1996 John conoci\u00f3 a los maestros budistas tibetanos Geshe Lobsang Tarchin y Geshe Michael Roach. Comenz\u00f3 un riguroso programa de estudios de 36 cursos, los cuales concluy\u00f3. El 26 de diciembre de 2011, inicia un retiro de meditaci\u00f3n y silencio de 3 a\u00f1os, 3 meses y 3 d\u00edas.  John es instructor principal de Asian Classics Institute, de Diamond Cutter Institute Global, y Sedona College of International Management.<\/p>\n<p>Actualmente radica con su esposa en Sedona, Arizona. Ambos viajan y ense\u00f1an juntos por Asia, Europa y Am\u00e9rica Latina.<\/p>\n\t<\/div>\n\t<\/article><article>\n\t\t<div class=\"simple-item-wrapper\">\n\t\t<h4>Constance O&#8217;Brien<\/h4>\n\t\t<p>Adem\u00e1s de ser integrante de la junta de consejo de la Biblioteca del legado asi\u00e1tico, Constance funge como presidente del Instituto de Estudios de Yoga, una organizaci\u00f3n sin fines de lucro dedicada a preservar las tradiciones de sabidur\u00eda del yoga.  Constance realiz\u00f3 un plan de estudios de 36 cursos y un retiro tradicional de tres a\u00f1os basado en los textos de sabidur\u00eda atemporales mismos que se conservan en la Biblioteca del legado asi\u00e1tico. Cuenta con una licenciatura en Enfermer\u00eda y Psicolog\u00eda. Actualmente imparte clases para organizaciones que se basan en los conocimientos de la Biblioteca del legado asi\u00e1tico: Diamond Cutter Institute Global, Sedona College of International Management, Yoga Studies Institute, y Asian Classics Institute. Constance hace uso de la biblioteca BLA (ALL) para innovar nuevos programas para ni\u00f1os y yoguis. Anteriormente tuvo un reconocido restaurante en Vancouver (Canad\u00e1) y fue creadora de una empresa dedicada a programas para ni\u00f1os en Asia.<\/p>\n\t<\/div>\n\t<\/article><article>\n\t\t<div class=\"simple-item-wrapper\">\n\t\t<h4>Christina Kasica<\/h4>\n\t\t<p>Christina une sus esfuerzos de preservaci\u00f3n como Directora ejecutiva de la Biblioteca del legado asi\u00e1tico, en la Biblioteca Nacional de Mongolia, situada en Ul\u00e1n Bator.<\/p>\n<p>Christina estudi\u00f3 Historia isl\u00e1mica medieval intelectual en un programa de doctorado en la Universidad de Harvard, obteniendo un m\u00e1ster en el Departamento de Lenguas y Civilizaciones de Oriente Pr\u00f3ximo. Despu\u00e9s, se introdujo en la industria tecnol\u00f3gica, ocupando el puesto de Vicepresidente de mercadotecnia, ayud\u00f3 a facilitar lPOs, y fue Consultora internacional en an\u00e1lisis del mercado tecnol\u00f3gico.<\/p>\n<p>Posteriormente, trabaj\u00f3 como la Organizadora de agenda de campa\u00f1a para Robert Reich, en su intento de convertirse en gobernador de Massachusetts. Despu\u00e9s de la campa\u00f1a, trabaj\u00f3 en sectores de justicia social, sin fines de lucro, en temas como la crisis de las hip\u00f3tecas de alto riesgo, el impuesto sobre el patrimonio y el ahorro en comunidades poco bancarizadas. Fue tambi\u00e9n Consultora de la Universidad de Harvard en una reciente campa\u00f1a de capital de 6 billones de d\u00f3lares.<\/p>\n\t<\/div>\n\t<\/article><article>\n\t\t<div class=\"simple-item-wrapper\">\n\t\t<h4>Stanley Chen<\/h4>\n\t\t<p>Stanley Chen es un profesor certificado y director de innovaci\u00f3n del Diamond Cutter Institute Global. Ha estado estudiando, practicando y ense\u00f1ando la sabidur\u00eda atemporal del cortador de diamantes desde 2011, con frecuencia ha fungido como traductor principal traductor al mandar\u00edn para Michael Roach desde 2014.<\/p>\n<p>Stanley tambi\u00e9n es uno de los traductores de textos de sabidur\u00eda antigua para el Proyecto de Traducci\u00f3n de Cl\u00e1sicos del Cortador de Diamantes en los Estados Unidos. \u00c9l y su socia Xiaoping Zhou lanzaron el Proyecto de Traducci\u00f3n conocido como Oro Puro, con el fin de formar y apoyar a los traductores chinos en las traducciones de sabidur\u00eda antigua. En 2017, fundaron la Academia Diamante del Futuro y Renacimiento de la Ruta de la Seda, cada uno de los cuales lleva a cabo una capacitaci\u00f3n Ejecutiva Global de China Soft Power para altos ejecutivos de la \u00e9lite con el fin de ayudarles a expandir sus negocios internacionales mediante la aplicaci\u00f3n de la sabidur\u00eda atemporal.<\/p>\n<p>Adem\u00e1s de formar parte del consejo de la Biblioteca del Legado Asi\u00e1tico, Stanley tambi\u00e9n pertenece al consejo de Diamond Mountain Retreat Center, uno de los centros de retiro m\u00e1s grandes en el mundo.<\/p>\n\t<\/div>\n\t<\/article><\/div><\/div>\n","protected":false},"excerpt":{"rendered":"<p>PERSONAL DE LA SEDE CENTRAL DE EE.UU. BIBLIOTECA DEL LEGADO ASIATICO CONSEJO<\/p>\n","protected":false},"author":49,"featured_media":0,"parent":1473,"menu_order":30,"comment_status":"closed","ping_status":"closed","template":"","meta":{"_acf_changed":false,"footnotes":""},"class_list":["post-1478","page","type-page","status-publish","hentry"],"acf":[],"yoast_head":"<!-- This site is optimized with the Yoast SEO plugin v27.3 - https:\/\/yoast.com\/product\/yoast-seo-wordpress\/ -->\n<title>| Biblioteca del legado asi\u00e1tico<\/title>\n<meta name=\"description\" content=\"El objetivo de la Biblioteca del legado asi\u00e1tico es salvaguardar las exquisitas tradiciones de sabidur\u00eda de Oriente. Es hogar para algunas de las literaturas de sabidur\u00eda m\u00e1s extraordinarias.\" \/>\n<meta name=\"robots\" content=\"index, follow, max-snippet:-1, max-image-preview:large, max-video-preview:-1\" \/>\n<link rel=\"canonical\" href=\"https:\/\/asianlegacylibrary.org\/es\/acerca-de-la-biblioteca-del-legado-asiatico\/la-biblioteca-del-legado-asiatico-equipo\/\" \/>\n<meta property=\"og:locale\" content=\"es_ES\" \/>\n<meta property=\"og:type\" content=\"article\" \/>\n<meta property=\"og:title\" content=\"Biblioteca del legado asi\u00e1tico | Equipo\" \/>\n<meta property=\"og:description\" content=\"La Biblioteca del legado asi\u00e1tico, considera que salvaguardar las tradiciones culturales de la sabidur\u00eda literaria del mundo, es prioridad para la humanidad y futuras generaciones.\" \/>\n<meta property=\"og:url\" content=\"https:\/\/asianlegacylibrary.org\/es\/acerca-de-la-biblioteca-del-legado-asiatico\/la-biblioteca-del-legado-asiatico-equipo\/\" \/>\n<meta property=\"og:site_name\" content=\"Asian Legacy Library\" \/>\n<meta property=\"article:publisher\" content=\"https:\/\/www.facebook.com\/asianlegacylibrary\" \/>\n<meta property=\"article:modified_time\" content=\"2025-07-04T06:30:56+00:00\" \/>\n<meta property=\"og:image\" content=\"http:\/\/asianlegacylib.wpengine.com\/wp-content\/uploads\/2021\/08\/ALL-\u2014-Facebook-1.png\" \/>\n<meta name=\"twitter:card\" content=\"summary_large_image\" \/>\n<meta name=\"twitter:title\" content=\"Biblioteca del legado asi\u00e1tico | Equipo\" \/>\n<meta name=\"twitter:description\" content=\"La Biblioteca del legado asi\u00e1tico, considera que salvaguardar las tradiciones culturales de la sabidur\u00eda literaria del mundo, es prioridad para la humanidad y futuras generaciones.\" \/>\n<meta name=\"twitter:image\" content=\"http:\/\/asianlegacylib.wpengine.com\/wp-content\/uploads\/2021\/08\/ALL-\u2014-Facebook-1.png\" \/>\n<script type=\"application\/ld+json\" class=\"yoast-schema-graph\">{\"@context\":\"https:\\\/\\\/schema.org\",\"@graph\":[{\"@type\":\"WebPage\",\"@id\":\"https:\\\/\\\/asianlegacylibrary.org\\\/es\\\/acerca-de-la-biblioteca-del-legado-asiatico\\\/la-biblioteca-del-legado-asiatico-equipo\\\/\",\"url\":\"https:\\\/\\\/asianlegacylibrary.org\\\/es\\\/acerca-de-la-biblioteca-del-legado-asiatico\\\/la-biblioteca-del-legado-asiatico-equipo\\\/\",\"name\":\"| Biblioteca del legado asi\u00e1tico\",\"isPartOf\":{\"@id\":\"https:\\\/\\\/asianlegacylibrary.org\\\/es\\\/#website\"},\"datePublished\":\"2021-09-14T01:08:35+00:00\",\"dateModified\":\"2025-07-04T06:30:56+00:00\",\"description\":\"El objetivo de la Biblioteca del legado asi\u00e1tico es salvaguardar las exquisitas tradiciones de sabidur\u00eda de Oriente. Es hogar para algunas de las literaturas de sabidur\u00eda m\u00e1s extraordinarias.\",\"breadcrumb\":{\"@id\":\"https:\\\/\\\/asianlegacylibrary.org\\\/es\\\/acerca-de-la-biblioteca-del-legado-asiatico\\\/la-biblioteca-del-legado-asiatico-equipo\\\/#breadcrumb\"},\"inLanguage\":\"es\",\"potentialAction\":[{\"@type\":\"ReadAction\",\"target\":[\"https:\\\/\\\/asianlegacylibrary.org\\\/es\\\/acerca-de-la-biblioteca-del-legado-asiatico\\\/la-biblioteca-del-legado-asiatico-equipo\\\/\"]}]},{\"@type\":\"BreadcrumbList\",\"@id\":\"https:\\\/\\\/asianlegacylibrary.org\\\/es\\\/acerca-de-la-biblioteca-del-legado-asiatico\\\/la-biblioteca-del-legado-asiatico-equipo\\\/#breadcrumb\",\"itemListElement\":[{\"@type\":\"ListItem\",\"position\":1,\"name\":\"Home\",\"item\":\"https:\\\/\\\/asianlegacylibrary.org\\\/es\\\/la-biblioteca-del-legado-asiatico-pagina-de-inicio\\\/\"},{\"@type\":\"ListItem\",\"position\":2,\"name\":\"Acerca de\",\"item\":\"https:\\\/\\\/asianlegacylibrary.org\\\/es\\\/acerca-de-la-biblioteca-del-legado-asiatico\\\/\"},{\"@type\":\"ListItem\",\"position\":3,\"name\":\"Equipo\"}]},{\"@type\":\"WebSite\",\"@id\":\"https:\\\/\\\/asianlegacylibrary.org\\\/es\\\/#website\",\"url\":\"https:\\\/\\\/asianlegacylibrary.org\\\/es\\\/\",\"name\":\"Asian Legacy Library\",\"description\":\"The rarest cultural wisdom literature in the world\",\"publisher\":{\"@id\":\"https:\\\/\\\/asianlegacylibrary.org\\\/es\\\/#organization\"},\"potentialAction\":[{\"@type\":\"SearchAction\",\"target\":{\"@type\":\"EntryPoint\",\"urlTemplate\":\"https:\\\/\\\/asianlegacylibrary.org\\\/es\\\/?s={search_term_string}\"},\"query-input\":{\"@type\":\"PropertyValueSpecification\",\"valueRequired\":true,\"valueName\":\"search_term_string\"}}],\"inLanguage\":\"es\"},{\"@type\":\"Organization\",\"@id\":\"https:\\\/\\\/asianlegacylibrary.org\\\/es\\\/#organization\",\"name\":\"Asian Legacy Library\",\"url\":\"https:\\\/\\\/asianlegacylibrary.org\\\/es\\\/\",\"logo\":{\"@type\":\"ImageObject\",\"inLanguage\":\"es\",\"@id\":\"https:\\\/\\\/asianlegacylibrary.org\\\/es\\\/#\\\/schema\\\/logo\\\/image\\\/\",\"url\":\"https:\\\/\\\/asianlegacylibrary.org\\\/wp-content\\\/uploads\\\/2022\\\/04\\\/ALL-LOGOMARK-CIRCLE-02.png\",\"contentUrl\":\"https:\\\/\\\/asianlegacylibrary.org\\\/wp-content\\\/uploads\\\/2022\\\/04\\\/ALL-LOGOMARK-CIRCLE-02.png\",\"width\":482,\"height\":500,\"caption\":\"Asian Legacy Library\"},\"image\":{\"@id\":\"https:\\\/\\\/asianlegacylibrary.org\\\/es\\\/#\\\/schema\\\/logo\\\/image\\\/\"},\"sameAs\":[\"https:\\\/\\\/www.facebook.com\\\/asianlegacylibrary\"]}]}<\/script>\n<!-- \/ Yoast SEO plugin. -->","yoast_head_json":{"title":"| Biblioteca del legado asi\u00e1tico","description":"El objetivo de la Biblioteca del legado asi\u00e1tico es salvaguardar las exquisitas tradiciones de sabidur\u00eda de Oriente. Es hogar para algunas de las literaturas de sabidur\u00eda m\u00e1s extraordinarias.","robots":{"index":"index","follow":"follow","max-snippet":"max-snippet:-1","max-image-preview":"max-image-preview:large","max-video-preview":"max-video-preview:-1"},"canonical":"https:\/\/asianlegacylibrary.org\/es\/acerca-de-la-biblioteca-del-legado-asiatico\/la-biblioteca-del-legado-asiatico-equipo\/","og_locale":"es_ES","og_type":"article","og_title":"Biblioteca del legado asi\u00e1tico | Equipo","og_description":"La Biblioteca del legado asi\u00e1tico, considera que salvaguardar las tradiciones culturales de la sabidur\u00eda literaria del mundo, es prioridad para la humanidad y futuras generaciones.","og_url":"https:\/\/asianlegacylibrary.org\/es\/acerca-de-la-biblioteca-del-legado-asiatico\/la-biblioteca-del-legado-asiatico-equipo\/","og_site_name":"Asian Legacy Library","article_publisher":"https:\/\/www.facebook.com\/asianlegacylibrary","article_modified_time":"2025-07-04T06:30:56+00:00","og_image":[{"url":"http:\/\/asianlegacylib.wpengine.com\/wp-content\/uploads\/2021\/08\/ALL-\u2014-Facebook-1.png","type":"","width":"","height":""}],"twitter_card":"summary_large_image","twitter_title":"Biblioteca del legado asi\u00e1tico | Equipo","twitter_description":"La Biblioteca del legado asi\u00e1tico, considera que salvaguardar las tradiciones culturales de la sabidur\u00eda literaria del mundo, es prioridad para la humanidad y futuras generaciones.","twitter_image":"http:\/\/asianlegacylib.wpengine.com\/wp-content\/uploads\/2021\/08\/ALL-\u2014-Facebook-1.png","schema":{"@context":"https:\/\/schema.org","@graph":[{"@type":"WebPage","@id":"https:\/\/asianlegacylibrary.org\/es\/acerca-de-la-biblioteca-del-legado-asiatico\/la-biblioteca-del-legado-asiatico-equipo\/","url":"https:\/\/asianlegacylibrary.org\/es\/acerca-de-la-biblioteca-del-legado-asiatico\/la-biblioteca-del-legado-asiatico-equipo\/","name":"| Biblioteca del legado asi\u00e1tico","isPartOf":{"@id":"https:\/\/asianlegacylibrary.org\/es\/#website"},"datePublished":"2021-09-14T01:08:35+00:00","dateModified":"2025-07-04T06:30:56+00:00","description":"El objetivo de la Biblioteca del legado asi\u00e1tico es salvaguardar las exquisitas tradiciones de sabidur\u00eda de Oriente. Es hogar para algunas de las literaturas de sabidur\u00eda m\u00e1s extraordinarias.","breadcrumb":{"@id":"https:\/\/asianlegacylibrary.org\/es\/acerca-de-la-biblioteca-del-legado-asiatico\/la-biblioteca-del-legado-asiatico-equipo\/#breadcrumb"},"inLanguage":"es","potentialAction":[{"@type":"ReadAction","target":["https:\/\/asianlegacylibrary.org\/es\/acerca-de-la-biblioteca-del-legado-asiatico\/la-biblioteca-del-legado-asiatico-equipo\/"]}]},{"@type":"BreadcrumbList","@id":"https:\/\/asianlegacylibrary.org\/es\/acerca-de-la-biblioteca-del-legado-asiatico\/la-biblioteca-del-legado-asiatico-equipo\/#breadcrumb","itemListElement":[{"@type":"ListItem","position":1,"name":"Home","item":"https:\/\/asianlegacylibrary.org\/es\/la-biblioteca-del-legado-asiatico-pagina-de-inicio\/"},{"@type":"ListItem","position":2,"name":"Acerca de","item":"https:\/\/asianlegacylibrary.org\/es\/acerca-de-la-biblioteca-del-legado-asiatico\/"},{"@type":"ListItem","position":3,"name":"Equipo"}]},{"@type":"WebSite","@id":"https:\/\/asianlegacylibrary.org\/es\/#website","url":"https:\/\/asianlegacylibrary.org\/es\/","name":"Asian Legacy Library","description":"The rarest cultural wisdom literature in the world","publisher":{"@id":"https:\/\/asianlegacylibrary.org\/es\/#organization"},"potentialAction":[{"@type":"SearchAction","target":{"@type":"EntryPoint","urlTemplate":"https:\/\/asianlegacylibrary.org\/es\/?s={search_term_string}"},"query-input":{"@type":"PropertyValueSpecification","valueRequired":true,"valueName":"search_term_string"}}],"inLanguage":"es"},{"@type":"Organization","@id":"https:\/\/asianlegacylibrary.org\/es\/#organization","name":"Asian Legacy Library","url":"https:\/\/asianlegacylibrary.org\/es\/","logo":{"@type":"ImageObject","inLanguage":"es","@id":"https:\/\/asianlegacylibrary.org\/es\/#\/schema\/logo\/image\/","url":"https:\/\/asianlegacylibrary.org\/wp-content\/uploads\/2022\/04\/ALL-LOGOMARK-CIRCLE-02.png","contentUrl":"https:\/\/asianlegacylibrary.org\/wp-content\/uploads\/2022\/04\/ALL-LOGOMARK-CIRCLE-02.png","width":482,"height":500,"caption":"Asian Legacy Library"},"image":{"@id":"https:\/\/asianlegacylibrary.org\/es\/#\/schema\/logo\/image\/"},"sameAs":["https:\/\/www.facebook.com\/asianlegacylibrary"]}]}},"_links":{"self":[{"href":"https:\/\/asianlegacylibrary.org\/es\/wp-json\/wp\/v2\/pages\/1478","targetHints":{"allow":["GET"]}}],"collection":[{"href":"https:\/\/asianlegacylibrary.org\/es\/wp-json\/wp\/v2\/pages"}],"about":[{"href":"https:\/\/asianlegacylibrary.org\/es\/wp-json\/wp\/v2\/types\/page"}],"author":[{"embeddable":true,"href":"https:\/\/asianlegacylibrary.org\/es\/wp-json\/wp\/v2\/users\/49"}],"replies":[{"embeddable":true,"href":"https:\/\/asianlegacylibrary.org\/es\/wp-json\/wp\/v2\/comments?post=1478"}],"version-history":[{"count":0,"href":"https:\/\/asianlegacylibrary.org\/es\/wp-json\/wp\/v2\/pages\/1478\/revisions"}],"up":[{"embeddable":true,"href":"https:\/\/asianlegacylibrary.org\/es\/wp-json\/wp\/v2\/pages\/1473"}],"wp:attachment":[{"href":"https:\/\/asianlegacylibrary.org\/es\/wp-json\/wp\/v2\/media?parent=1478"}],"curies":[{"name":"wp","href":"https:\/\/api.w.org\/{rel}","templated":true}]}}