{"id":1472,"date":"2021-09-13T20:10:51","date_gmt":"2021-09-13T20:10:51","guid":{"rendered":"https:\/\/asianlegacylib.wpengine.com\/gracias\/"},"modified":"2025-07-04T06:35:57","modified_gmt":"2025-07-04T06:35:57","slug":"gracias","status":"publish","type":"page","link":"https:\/\/asianlegacylibrary.org\/es\/la-biblioteca-del-legado-asiatico-apoyo\/gracias\/","title":{"rendered":"Gracias"},"content":{"rendered":"\n<div class=\"wp-block-columns is-layout-flex wp-container-core-columns-is-layout-9d6595d7 wp-block-columns-is-layout-flex\">\n<div class=\"wp-block-column is-layout-flow wp-block-column-is-layout-flow\">\n<h2 class=\"line wp-block-heading\">GRACIAS <br\/>POR SU CONTRIBUCI\u00d3N<\/h2>\n<\/div>\n\n\n\n<div class=\"wp-block-column is-layout-flow wp-block-column-is-layout-flow\">\n<p>Su generoso regalo contribuye a la preservaci\u00f3n y a la continuidad de las tradiciones de sabidur\u00eda atemporal de Asia. Estos tesoros literarios son de vital importancia para el mundo actual. <\/p>\n\n\n\n<p>Gracias nuevamente de parte de la Biblioteca del Legado Asi\u00e1tico.<\/p>\n<\/div>\n<\/div>\n<div class=\"stories-outer\">\n\t\n\t\t\t<div class=\"stories-title-line\">\n\t\t\t<h4>\u00daltimas historias<\/h4>\n\t\t\t<a href=\"https:\/\/asianlegacylibrary.org\/es\/noticias\/\" class=\"btn\">SEE MORE<\/a>\n\t\t<\/div>\n\t\t<div class=\"blog-roll three-cols\">\n\t\t\t\t\t\t\t\t<article id=\"post-3775\">\n\t\t\t\t\t\t\t\t\n\t\t\n\t\t<figure  class=\"has-image\" >\n\t\t\t<a href=\"https:\/\/asianlegacylibrary.org\/es\/organizacion\/mision\/una-perspectiva-sobre-la-preservacion-cultural\/\"  class=\"inner-post-thumbnail\" style=\"background-image:url(https:\/\/asianlegacylibrary.org\/wp-content\/uploads\/2022\/03\/Timeless-Article-1024x683.jpg);\" ><\/a>\n\t\t<\/figure>\n\t\t<small class=\"meta\">Osiris Luciano - 20th mayo 2022<\/small>\n\t\t<h3><a href=\"https:\/\/asianlegacylibrary.org\/es\/organizacion\/mision\/una-perspectiva-sobre-la-preservacion-cultural\/\" rel=\"bookmark\">Una perspectiva sobre la preservaci\u00f3n cultural<\/a><\/h3>\n\t\t<div class=\"post-content\"><p>\nReflexiones en torno a nuestra misi\u00f3n en un mundo turbulento\n\n\nA medida que me acercaba a escribir este...<\/p><\/div>\n\n\t<\/article>\t\t\t\t\t\t\t\t<article id=\"post-3773\">\n\t\t\t\t\t\t\t\t\n\t\t\n\t\t<figure  class=\"has-image\" >\n\t\t\t<a href=\"https:\/\/asianlegacylibrary.org\/es\/centro-de-nepal\/dharani-digital\/\"  class=\"inner-post-thumbnail\" style=\"background-image:url(https:\/\/asianlegacylibrary.org\/wp-content\/uploads\/2022\/03\/Screen-Shot-2022-03-04-at-9.11.14-AM-1024x468.png);\" ><\/a>\n\t\t<\/figure>\n\t\t<small class=\"meta\">Osiris Luciano - 20th mayo 2022<\/small>\n\t\t<h3><a href=\"https:\/\/asianlegacylibrary.org\/es\/centro-de-nepal\/dharani-digital\/\" rel=\"bookmark\">Dharani digital<\/a><\/h3>\n\t\t<div class=\"post-content\"><p>\nPreservando el patrimonio vivo con el Dr. Miroj Shakya\n\nHace poco nos sentamos con el Dr. Miroj Shakya para...<\/p><\/div>\n\n\t<\/article>\t\t\t\t\t\t\t\t<article id=\"post-3763\">\n\t\t\t\t\t\t\t\t\n\t\t\n\t\t<figure  class=\"has-image\" >\n\t\t\t<a href=\"https:\/\/asianlegacylibrary.org\/es\/organizacion\/sin-categorizar\/casa-del-tesoro\/\"  class=\"inner-post-thumbnail\" style=\"background-image:url(https:\/\/asianlegacylibrary.org\/wp-content\/uploads\/2022\/03\/Untitled-1-Recovered-09-1-1024x535.png);\" ><\/a>\n\t\t<\/figure>\n\t\t<small class=\"meta\">Osiris Luciano - 18th mayo 2022<\/small>\n\t\t<h3><a href=\"https:\/\/asianlegacylibrary.org\/es\/organizacion\/sin-categorizar\/casa-del-tesoro\/\" rel=\"bookmark\">Casa del tesoro<\/a><\/h3>\n\t\t<div class=\"post-content\"><p>\nPreservando la sabidur\u00eda atemporal en la Biblioteca Nacional de Mongolia\n\nLa Biblioteca Nacional de...<\/p><\/div>\n\n\t<\/article>\t\t\t\t\t<\/div>\n\t\t\n<\/div>\n","protected":false},"excerpt":{"rendered":"<p>GRACIAS POR SU CONTRIBUCI\u00d3N Su generoso regalo contribuye a la preservaci\u00f3n y a la continuidad de las tradiciones de sabidur\u00eda atemporal de Asia. Estos tesoros literarios son de vital importancia para el mundo actual. Gracias nuevamente de parte de la Biblioteca del Legado Asi\u00e1tico.<\/p>\n","protected":false},"author":49,"featured_media":0,"parent":3923,"menu_order":0,"comment_status":"closed","ping_status":"closed","template":"","meta":{"_acf_changed":false,"footnotes":""},"class_list":["post-1472","page","type-page","status-publish","hentry"],"acf":[],"yoast_head":"<!-- This site is optimized with the Yoast SEO plugin v27.4 - https:\/\/yoast.com\/product\/yoast-seo-wordpress\/ -->\n<title>| Biblioteca del legado asi\u00e1tico<\/title>\n<meta name=\"description\" content=\"La Biblioteca del legado asi\u00e1tico, considera que salvaguardar las tradiciones culturales de la sabidur\u00eda literaria del mundo, es prioridad para la humanidad y futuras generaciones.\" \/>\n<meta name=\"robots\" content=\"index, follow, max-snippet:-1, max-image-preview:large, max-video-preview:-1\" \/>\n<link rel=\"canonical\" href=\"https:\/\/asianlegacylibrary.org\/es\/la-biblioteca-del-legado-asiatico-apoyo\/gracias\/\" \/>\n<meta property=\"og:locale\" content=\"es_ES\" \/>\n<meta property=\"og:type\" content=\"article\" \/>\n<meta property=\"og:title\" content=\"Biblioteca del Legado Asi\u00e1tico\" \/>\n<meta property=\"og:description\" content=\"La Biblioteca del legado asi\u00e1tico, considera que salvaguardar las tradiciones culturales de la sabidur\u00eda literaria del mundo, es prioridad para la humanidad y futuras generaciones.\" \/>\n<meta property=\"og:url\" content=\"https:\/\/asianlegacylibrary.org\/es\/la-biblioteca-del-legado-asiatico-apoyo\/gracias\/\" \/>\n<meta property=\"og:site_name\" content=\"Asian Legacy Library\" \/>\n<meta property=\"article:publisher\" content=\"https:\/\/www.facebook.com\/asianlegacylibrary\" \/>\n<meta property=\"article:modified_time\" content=\"2025-07-04T06:35:57+00:00\" \/>\n<meta property=\"og:image\" content=\"http:\/\/asianlegacylib.wpengine.com\/wp-content\/uploads\/2021\/07\/ALL-\u2014-Facebook-3.png\" \/>\n<meta name=\"twitter:card\" content=\"summary_large_image\" \/>\n<meta name=\"twitter:title\" content=\"Biblioteca del Legado Asi\u00e1tico\" \/>\n<meta name=\"twitter:description\" content=\"La Biblioteca del legado asi\u00e1tico, considera que salvaguardar las tradiciones culturales de la sabidur\u00eda literaria del mundo, es prioridad para la humanidad y futuras generaciones.\" \/>\n<meta name=\"twitter:image\" content=\"http:\/\/asianlegacylib.wpengine.com\/wp-content\/uploads\/2021\/07\/ALL-\u2014-Facebook-3.png\" \/>\n<script type=\"application\/ld+json\" class=\"yoast-schema-graph\">{\"@context\":\"https:\\\/\\\/schema.org\",\"@graph\":[{\"@type\":\"WebPage\",\"@id\":\"https:\\\/\\\/asianlegacylibrary.org\\\/es\\\/la-biblioteca-del-legado-asiatico-apoyo\\\/gracias\\\/\",\"url\":\"https:\\\/\\\/asianlegacylibrary.org\\\/es\\\/la-biblioteca-del-legado-asiatico-apoyo\\\/gracias\\\/\",\"name\":\"| Biblioteca del legado asi\u00e1tico\",\"isPartOf\":{\"@id\":\"https:\\\/\\\/asianlegacylibrary.org\\\/es\\\/#website\"},\"datePublished\":\"2021-09-13T20:10:51+00:00\",\"dateModified\":\"2025-07-04T06:35:57+00:00\",\"description\":\"La Biblioteca del legado asi\u00e1tico, considera que salvaguardar las tradiciones culturales de la sabidur\u00eda literaria del mundo, es prioridad para la humanidad y futuras generaciones.\",\"breadcrumb\":{\"@id\":\"https:\\\/\\\/asianlegacylibrary.org\\\/es\\\/la-biblioteca-del-legado-asiatico-apoyo\\\/gracias\\\/#breadcrumb\"},\"inLanguage\":\"es\",\"potentialAction\":[{\"@type\":\"ReadAction\",\"target\":[\"https:\\\/\\\/asianlegacylibrary.org\\\/es\\\/la-biblioteca-del-legado-asiatico-apoyo\\\/gracias\\\/\"]}]},{\"@type\":\"BreadcrumbList\",\"@id\":\"https:\\\/\\\/asianlegacylibrary.org\\\/es\\\/la-biblioteca-del-legado-asiatico-apoyo\\\/gracias\\\/#breadcrumb\",\"itemListElement\":[{\"@type\":\"ListItem\",\"position\":1,\"name\":\"Home\",\"item\":\"https:\\\/\\\/asianlegacylibrary.org\\\/es\\\/la-biblioteca-del-legado-asiatico-pagina-de-inicio\\\/\"},{\"@type\":\"ListItem\",\"position\":2,\"name\":\"Apoye\",\"item\":\"https:\\\/\\\/asianlegacylibrary.org\\\/es\\\/la-biblioteca-del-legado-asiatico-apoyo\\\/\"},{\"@type\":\"ListItem\",\"position\":3,\"name\":\"Gracias\"}]},{\"@type\":\"WebSite\",\"@id\":\"https:\\\/\\\/asianlegacylibrary.org\\\/es\\\/#website\",\"url\":\"https:\\\/\\\/asianlegacylibrary.org\\\/es\\\/\",\"name\":\"Asian Legacy Library\",\"description\":\"The rarest cultural wisdom literature in the world\",\"publisher\":{\"@id\":\"https:\\\/\\\/asianlegacylibrary.org\\\/es\\\/#organization\"},\"potentialAction\":[{\"@type\":\"SearchAction\",\"target\":{\"@type\":\"EntryPoint\",\"urlTemplate\":\"https:\\\/\\\/asianlegacylibrary.org\\\/es\\\/?s={search_term_string}\"},\"query-input\":{\"@type\":\"PropertyValueSpecification\",\"valueRequired\":true,\"valueName\":\"search_term_string\"}}],\"inLanguage\":\"es\"},{\"@type\":\"Organization\",\"@id\":\"https:\\\/\\\/asianlegacylibrary.org\\\/es\\\/#organization\",\"name\":\"Asian Legacy Library\",\"url\":\"https:\\\/\\\/asianlegacylibrary.org\\\/es\\\/\",\"logo\":{\"@type\":\"ImageObject\",\"inLanguage\":\"es\",\"@id\":\"https:\\\/\\\/asianlegacylibrary.org\\\/es\\\/#\\\/schema\\\/logo\\\/image\\\/\",\"url\":\"https:\\\/\\\/asianlegacylibrary.org\\\/wp-content\\\/uploads\\\/2022\\\/04\\\/ALL-LOGOMARK-CIRCLE-02.png\",\"contentUrl\":\"https:\\\/\\\/asianlegacylibrary.org\\\/wp-content\\\/uploads\\\/2022\\\/04\\\/ALL-LOGOMARK-CIRCLE-02.png\",\"width\":482,\"height\":500,\"caption\":\"Asian Legacy Library\"},\"image\":{\"@id\":\"https:\\\/\\\/asianlegacylibrary.org\\\/es\\\/#\\\/schema\\\/logo\\\/image\\\/\"},\"sameAs\":[\"https:\\\/\\\/www.facebook.com\\\/asianlegacylibrary\"]}]}<\/script>\n<!-- \/ Yoast SEO plugin. -->","yoast_head_json":{"title":"| Biblioteca del legado asi\u00e1tico","description":"La Biblioteca del legado asi\u00e1tico, considera que salvaguardar las tradiciones culturales de la sabidur\u00eda literaria del mundo, es prioridad para la humanidad y futuras generaciones.","robots":{"index":"index","follow":"follow","max-snippet":"max-snippet:-1","max-image-preview":"max-image-preview:large","max-video-preview":"max-video-preview:-1"},"canonical":"https:\/\/asianlegacylibrary.org\/es\/la-biblioteca-del-legado-asiatico-apoyo\/gracias\/","og_locale":"es_ES","og_type":"article","og_title":"Biblioteca del Legado Asi\u00e1tico","og_description":"La Biblioteca del legado asi\u00e1tico, considera que salvaguardar las tradiciones culturales de la sabidur\u00eda literaria del mundo, es prioridad para la humanidad y futuras generaciones.","og_url":"https:\/\/asianlegacylibrary.org\/es\/la-biblioteca-del-legado-asiatico-apoyo\/gracias\/","og_site_name":"Asian Legacy Library","article_publisher":"https:\/\/www.facebook.com\/asianlegacylibrary","article_modified_time":"2025-07-04T06:35:57+00:00","og_image":[{"url":"http:\/\/asianlegacylib.wpengine.com\/wp-content\/uploads\/2021\/07\/ALL-\u2014-Facebook-3.png","type":"","width":"","height":""}],"twitter_card":"summary_large_image","twitter_title":"Biblioteca del Legado Asi\u00e1tico","twitter_description":"La Biblioteca del legado asi\u00e1tico, considera que salvaguardar las tradiciones culturales de la sabidur\u00eda literaria del mundo, es prioridad para la humanidad y futuras generaciones.","twitter_image":"http:\/\/asianlegacylib.wpengine.com\/wp-content\/uploads\/2021\/07\/ALL-\u2014-Facebook-3.png","schema":{"@context":"https:\/\/schema.org","@graph":[{"@type":"WebPage","@id":"https:\/\/asianlegacylibrary.org\/es\/la-biblioteca-del-legado-asiatico-apoyo\/gracias\/","url":"https:\/\/asianlegacylibrary.org\/es\/la-biblioteca-del-legado-asiatico-apoyo\/gracias\/","name":"| Biblioteca del legado asi\u00e1tico","isPartOf":{"@id":"https:\/\/asianlegacylibrary.org\/es\/#website"},"datePublished":"2021-09-13T20:10:51+00:00","dateModified":"2025-07-04T06:35:57+00:00","description":"La Biblioteca del legado asi\u00e1tico, considera que salvaguardar las tradiciones culturales de la sabidur\u00eda literaria del mundo, es prioridad para la humanidad y futuras generaciones.","breadcrumb":{"@id":"https:\/\/asianlegacylibrary.org\/es\/la-biblioteca-del-legado-asiatico-apoyo\/gracias\/#breadcrumb"},"inLanguage":"es","potentialAction":[{"@type":"ReadAction","target":["https:\/\/asianlegacylibrary.org\/es\/la-biblioteca-del-legado-asiatico-apoyo\/gracias\/"]}]},{"@type":"BreadcrumbList","@id":"https:\/\/asianlegacylibrary.org\/es\/la-biblioteca-del-legado-asiatico-apoyo\/gracias\/#breadcrumb","itemListElement":[{"@type":"ListItem","position":1,"name":"Home","item":"https:\/\/asianlegacylibrary.org\/es\/la-biblioteca-del-legado-asiatico-pagina-de-inicio\/"},{"@type":"ListItem","position":2,"name":"Apoye","item":"https:\/\/asianlegacylibrary.org\/es\/la-biblioteca-del-legado-asiatico-apoyo\/"},{"@type":"ListItem","position":3,"name":"Gracias"}]},{"@type":"WebSite","@id":"https:\/\/asianlegacylibrary.org\/es\/#website","url":"https:\/\/asianlegacylibrary.org\/es\/","name":"Asian Legacy Library","description":"The rarest cultural wisdom literature in the world","publisher":{"@id":"https:\/\/asianlegacylibrary.org\/es\/#organization"},"potentialAction":[{"@type":"SearchAction","target":{"@type":"EntryPoint","urlTemplate":"https:\/\/asianlegacylibrary.org\/es\/?s={search_term_string}"},"query-input":{"@type":"PropertyValueSpecification","valueRequired":true,"valueName":"search_term_string"}}],"inLanguage":"es"},{"@type":"Organization","@id":"https:\/\/asianlegacylibrary.org\/es\/#organization","name":"Asian Legacy Library","url":"https:\/\/asianlegacylibrary.org\/es\/","logo":{"@type":"ImageObject","inLanguage":"es","@id":"https:\/\/asianlegacylibrary.org\/es\/#\/schema\/logo\/image\/","url":"https:\/\/asianlegacylibrary.org\/wp-content\/uploads\/2022\/04\/ALL-LOGOMARK-CIRCLE-02.png","contentUrl":"https:\/\/asianlegacylibrary.org\/wp-content\/uploads\/2022\/04\/ALL-LOGOMARK-CIRCLE-02.png","width":482,"height":500,"caption":"Asian Legacy Library"},"image":{"@id":"https:\/\/asianlegacylibrary.org\/es\/#\/schema\/logo\/image\/"},"sameAs":["https:\/\/www.facebook.com\/asianlegacylibrary"]}]}},"_links":{"self":[{"href":"https:\/\/asianlegacylibrary.org\/es\/wp-json\/wp\/v2\/pages\/1472","targetHints":{"allow":["GET"]}}],"collection":[{"href":"https:\/\/asianlegacylibrary.org\/es\/wp-json\/wp\/v2\/pages"}],"about":[{"href":"https:\/\/asianlegacylibrary.org\/es\/wp-json\/wp\/v2\/types\/page"}],"author":[{"embeddable":true,"href":"https:\/\/asianlegacylibrary.org\/es\/wp-json\/wp\/v2\/users\/49"}],"replies":[{"embeddable":true,"href":"https:\/\/asianlegacylibrary.org\/es\/wp-json\/wp\/v2\/comments?post=1472"}],"version-history":[{"count":0,"href":"https:\/\/asianlegacylibrary.org\/es\/wp-json\/wp\/v2\/pages\/1472\/revisions"}],"up":[{"embeddable":true,"href":"https:\/\/asianlegacylibrary.org\/es\/wp-json\/wp\/v2\/pages\/3923"}],"wp:attachment":[{"href":"https:\/\/asianlegacylibrary.org\/es\/wp-json\/wp\/v2\/media?parent=1472"}],"curies":[{"name":"wp","href":"https:\/\/api.w.org\/{rel}","templated":true}]}}